{"id":1510,"date":"2023-07-14T13:31:14","date_gmt":"2023-07-14T11:31:14","guid":{"rendered":"http:\/\/localhost\/wordpress\/?page_id=1510"},"modified":"2023-10-01T21:04:44","modified_gmt":"2023-10-01T19:04:44","slug":"emcyouth","status":"publish","type":"page","link":"https:\/\/www.cyberconfiance.ma\/ar\/emcyouth\/","title":{"rendered":"\u0641\u0636\u0627\u0621 \u0627\u0644\u0634\u0628\u0627\u0628"},"content":{"rendered":"<div data-elementor-type=\"wp-page\" data-elementor-id=\"1510\" class=\"elementor elementor-1510\">\n\t\t\t\t\t\t\t<div class=\"elementor-element elementor-element-f45375b e-grid e-con-boxed wpr-particle-no wpr-jarallax-no wpr-parallax-no wpr-sticky-section-no e-con e-parent\" data-id=\"f45375b\" data-element_type=\"container\" data-settings=\"{&quot;container_type&quot;:&quot;grid&quot;,&quot;grid_columns_grid&quot;:{&quot;unit&quot;:&quot;fr&quot;,&quot;size&quot;:&quot;2&quot;,&quot;sizes&quot;:[]},&quot;grid_rows_grid&quot;:{&quot;unit&quot;:&quot;fr&quot;,&quot;size&quot;:&quot;1&quot;,&quot;sizes&quot;:[]},&quot;grid_rows_grid_mobile&quot;:{&quot;unit&quot;:&quot;fr&quot;,&quot;size&quot;:&quot;1&quot;,&quot;sizes&quot;:[]},&quot;content_width&quot;:&quot;boxed&quot;,&quot;grid_outline&quot;:&quot;yes&quot;,&quot;grid_columns_grid_tablet&quot;:{&quot;unit&quot;:&quot;fr&quot;,&quot;size&quot;:&quot;&quot;,&quot;sizes&quot;:[]},&quot;grid_columns_grid_mobile&quot;:{&quot;unit&quot;:&quot;fr&quot;,&quot;size&quot;:1,&quot;sizes&quot;:[]},&quot;grid_rows_grid_tablet&quot;:{&quot;unit&quot;:&quot;fr&quot;,&quot;size&quot;:&quot;&quot;,&quot;sizes&quot;:[]},&quot;grid_auto_flow&quot;:&quot;row&quot;,&quot;grid_auto_flow_tablet&quot;:&quot;row&quot;,&quot;grid_auto_flow_mobile&quot;:&quot;row&quot;}\" data-core-v316-plus=\"true\">\n\t\t\t\t\t<div class=\"e-con-inner\">\n\t\t<div class=\"elementor-element elementor-element-f351975 e-flex e-con-boxed wpr-particle-no wpr-jarallax-no wpr-parallax-no wpr-sticky-section-no e-con e-child\" data-id=\"f351975\" data-element_type=\"container\" data-settings=\"{&quot;background_background&quot;:&quot;classic&quot;,&quot;container_type&quot;:&quot;flex&quot;,&quot;content_width&quot;:&quot;boxed&quot;}\">\n\t\t\t\t\t<div class=\"e-con-inner\">\n\t\t\t\t<div class=\"elementor-element elementor-element-174e92d elementor-widget elementor-widget-image\" data-id=\"174e92d\" data-element_type=\"widget\" data-widget_type=\"image.default\">\n\t\t\t\t<div class=\"elementor-widget-container\">\n\t\t\t<style>\/*! elementor - v3.16.0 - 17-10-2023 *\/\n.elementor-widget-image{text-align:center}.elementor-widget-image a{display:inline-block}.elementor-widget-image a img[src$=\".svg\"]{width:48px}.elementor-widget-image img{vertical-align:middle;display:inline-block}<\/style>\t\t\t\t\t\t\t\t\t\t\t\t<img loading=\"lazy\" decoding=\"async\" width=\"231\" height=\"317\" src=\"https:\/\/www.cyberconfiance.ma\/wp-content\/uploads\/2023\/10\/LOGO-EMC-Youth-removebg-preview.png\" class=\"attachment-large size-large wp-image-3022\" alt=\"\" \/>\t\t\t\t\t\t\t\t\t\t\t\t\t\t\t<\/div>\n\t\t\t\t<\/div>\n\t\t\t\t<div class=\"elementor-element elementor-element-4e14b8c elementor-widget elementor-widget-image\" data-id=\"4e14b8c\" data-element_type=\"widget\" data-widget_type=\"image.default\">\n\t\t\t\t<div class=\"elementor-widget-container\">\n\t\t\t\t\t\t\t\t\t\t\t\t\t\t\t<img loading=\"lazy\" decoding=\"async\" width=\"313\" height=\"116\" src=\"https:\/\/www.cyberconfiance.ma\/wp-content\/uploads\/2023\/10\/LOGO-EMC-Youth-removebg-preview-2.png\" class=\"attachment-large size-large wp-image-3021\" alt=\"\" \/>\t\t\t\t\t\t\t\t\t\t\t\t\t\t\t<\/div>\n\t\t\t\t<\/div>\n\t\t\t\t\t<\/div>\n\t\t\t\t<\/div>\n\t\t\t\t<div class=\"elementor-element elementor-element-27f3198 elementor-hidden-mobile elementor-widget elementor-widget-image\" data-id=\"27f3198\" data-element_type=\"widget\" data-widget_type=\"image.default\">\n\t\t\t\t<div class=\"elementor-widget-container\">\n\t\t\t\t\t\t\t\t\t\t\t\t\t\t\t<img loading=\"lazy\" decoding=\"async\" width=\"256\" height=\"256\" src=\"https:\/\/www.cyberconfiance.ma\/wp-content\/uploads\/2023\/10\/reparation.png\" class=\"attachment-large size-large wp-image-3020\" alt=\"\" \/>\t\t\t\t\t\t\t\t\t\t\t\t\t\t\t<\/div>\n\t\t\t\t<\/div>\n\t\t\t\t\t<\/div>\n\t\t\t\t<\/div>\n\t\t<div class=\"elementor-element elementor-element-d5d5655 e-flex e-con-boxed wpr-particle-no wpr-jarallax-no wpr-parallax-no wpr-sticky-section-no e-con e-parent\" data-id=\"d5d5655\" data-element_type=\"container\" data-settings=\"{&quot;container_type&quot;:&quot;flex&quot;,&quot;content_width&quot;:&quot;boxed&quot;}\" data-core-v316-plus=\"true\">\n\t\t\t\t\t<div class=\"e-con-inner\">\n\t\t\t\t<div class=\"elementor-element elementor-element-fc9cfdf elementor-widget elementor-widget-text-editor\" data-id=\"fc9cfdf\" data-element_type=\"widget\" data-widget_type=\"text-editor.default\">\n\t\t\t\t<div class=\"elementor-widget-container\">\n\t\t\t<style>\/*! elementor - v3.16.0 - 17-10-2023 *\/\n.elementor-widget-text-editor.elementor-drop-cap-view-stacked .elementor-drop-cap{background-color:#69727d;color:#fff}.elementor-widget-text-editor.elementor-drop-cap-view-framed .elementor-drop-cap{color:#69727d;border:3px solid;background-color:transparent}.elementor-widget-text-editor:not(.elementor-drop-cap-view-default) .elementor-drop-cap{margin-top:8px}.elementor-widget-text-editor:not(.elementor-drop-cap-view-default) .elementor-drop-cap-letter{width:1em;height:1em}.elementor-widget-text-editor .elementor-drop-cap{float:right;text-align:center;line-height:1;font-size:50px}.elementor-widget-text-editor .elementor-drop-cap-letter{display:inline-block}<\/style>\t\t\t\t<p>D\u00e9sol\u00e9, cette page est actuellement en cours de cr\u00e9ation.<\/p>\n<p>Nous nous excusons pour le d\u00e9sagr\u00e9ment. Notre \u00e9quipe travaille dur pour finaliser cette page et nous esp\u00e9rons pouvoir vous fournir un contenu passionnant tr\u00e8s bient\u00f4t.<\/p>\n<p>Merci de votre compr\u00e9hension !<\/p>\t\t\t\t\t\t<\/div>\n\t\t\t\t<\/div>\n\t\t\t\t\t<\/div>\n\t\t\t\t<\/div>\n\t\t\t\t\t\t\t<\/div>","protected":false},"excerpt":{"rendered":"<p>D\u00e9sol\u00e9, cette page est actuellement en cours de cr\u00e9ation. Nous nous excusons pour le d\u00e9sagr\u00e9ment. Notre \u00e9quipe travaille dur pour finaliser cette page et nous esp\u00e9rons pouvoir vous fournir un contenu passionnant tr\u00e8s bient\u00f4t. Merci de votre compr\u00e9hension !<\/p>","protected":false},"author":1,"featured_media":0,"parent":0,"menu_order":0,"comment_status":"closed","ping_status":"closed","template":"","meta":{"_eb_attr":"","footnotes":""},"class_list":["post-1510","page","type-page","status-publish","hentry","entry"],"yoast_head":"<!-- This site is optimized with the Yoast SEO plugin v24.1 - https:\/\/yoast.com\/wordpress\/plugins\/seo\/ -->\n<title>EmcYouth - Cyberconfiance<\/title>\n<meta name=\"robots\" content=\"index, follow, max-snippet:-1, max-image-preview:large, max-video-preview:-1\" \/>\n<link rel=\"canonical\" href=\"https:\/\/www.cyberconfiance.ma\/ar\/emcyouth\/\" \/>\n<meta property=\"og:locale\" content=\"ar_AR\" \/>\n<meta property=\"og:type\" content=\"article\" \/>\n<meta property=\"og:title\" content=\"EmcYouth - Cyberconfiance\" \/>\n<meta property=\"og:description\" content=\"D\u00e9sol\u00e9, cette page est actuellement en cours de cr\u00e9ation. Nous nous excusons pour le d\u00e9sagr\u00e9ment. Notre \u00e9quipe travaille dur pour finaliser cette page et nous esp\u00e9rons pouvoir vous fournir un contenu passionnant tr\u00e8s bient\u00f4t. Merci de votre compr\u00e9hension !\" \/>\n<meta property=\"og:url\" content=\"https:\/\/www.cyberconfiance.ma\/ar\/emcyouth\/\" \/>\n<meta property=\"og:site_name\" content=\"Cyberconfiance\" \/>\n<meta property=\"article:publisher\" content=\"https:\/\/www.google.com\/url?sa=i&amp;url=httpswww.facebook.comcyberconfiance&amp;psig=AOvVaw3KctkwLod8HoiqC5FTBO-G&amp;ust=1735992076420000&amp;source=images&amp;cd=vfe&amp;opi=89978449&amp;ved=0CAYQrpoMahcKEwig3vXJwNmKAxUAAAAAHQAAAAAQBA\" \/>\n<meta property=\"article:modified_time\" content=\"2023-10-01T19:04:44+00:00\" \/>\n<meta property=\"og:image\" content=\"https:\/\/www.cyberconfiance.ma\/wp-content\/uploads\/2023\/10\/LOGO-EMC-Youth-removebg-preview.png\" \/>\n\t<meta property=\"og:image:width\" content=\"231\" \/>\n\t<meta property=\"og:image:height\" content=\"317\" \/>\n\t<meta property=\"og:image:type\" content=\"image\/png\" \/>\n<meta name=\"twitter:card\" content=\"summary_large_image\" \/>\n<script type=\"application\/ld+json\" class=\"yoast-schema-graph\">{\"@context\":\"https:\/\/schema.org\",\"@graph\":[{\"@type\":\"WebPage\",\"@id\":\"https:\/\/www.cyberconfiance.ma\/emcyouth\/\",\"url\":\"https:\/\/www.cyberconfiance.ma\/emcyouth\/\",\"name\":\"EmcYouth - Cyberconfiance\",\"isPartOf\":{\"@id\":\"https:\/\/www.cyberconfiance.ma\/#website\"},\"primaryImageOfPage\":{\"@id\":\"https:\/\/www.cyberconfiance.ma\/emcyouth\/#primaryimage\"},\"image\":{\"@id\":\"https:\/\/www.cyberconfiance.ma\/emcyouth\/#primaryimage\"},\"thumbnailUrl\":\"https:\/\/www.cyberconfiance.ma\/wp-content\/uploads\/2023\/10\/LOGO-EMC-Youth-removebg-preview.png\",\"datePublished\":\"2023-07-14T11:31:14+00:00\",\"dateModified\":\"2023-10-01T19:04:44+00:00\",\"breadcrumb\":{\"@id\":\"https:\/\/www.cyberconfiance.ma\/emcyouth\/#breadcrumb\"},\"inLanguage\":\"ar\",\"potentialAction\":[{\"@type\":\"ReadAction\",\"target\":[\"https:\/\/www.cyberconfiance.ma\/emcyouth\/\"]}]},{\"@type\":\"ImageObject\",\"inLanguage\":\"ar\",\"@id\":\"https:\/\/www.cyberconfiance.ma\/emcyouth\/#primaryimage\",\"url\":\"https:\/\/www.cyberconfiance.ma\/wp-content\/uploads\/2023\/10\/LOGO-EMC-Youth-removebg-preview.png\",\"contentUrl\":\"https:\/\/www.cyberconfiance.ma\/wp-content\/uploads\/2023\/10\/LOGO-EMC-Youth-removebg-preview.png\"},{\"@type\":\"BreadcrumbList\",\"@id\":\"https:\/\/www.cyberconfiance.ma\/emcyouth\/#breadcrumb\",\"itemListElement\":[{\"@type\":\"ListItem\",\"position\":1,\"name\":\"Accueil\",\"item\":\"https:\/\/www.cyberconfiance.ma\/\"},{\"@type\":\"ListItem\",\"position\":2,\"name\":\"EmcYouth\"}]},{\"@type\":\"WebSite\",\"@id\":\"https:\/\/www.cyberconfiance.ma\/#website\",\"url\":\"https:\/\/www.cyberconfiance.ma\/\",\"name\":\"Cyber-Confiance\",\"description\":\"Protection en ligne\",\"potentialAction\":[{\"@type\":\"SearchAction\",\"target\":{\"@type\":\"EntryPoint\",\"urlTemplate\":\"https:\/\/www.cyberconfiance.ma\/?s={search_term_string}\"},\"query-input\":{\"@type\":\"PropertyValueSpecification\",\"valueRequired\":true,\"valueName\":\"search_term_string\"}}],\"inLanguage\":\"ar\"}]}<\/script>\n<!-- \/ Yoast SEO plugin. -->","yoast_head_json":{"title":"EmcYouth - Cyberconfiance","robots":{"index":"index","follow":"follow","max-snippet":"max-snippet:-1","max-image-preview":"max-image-preview:large","max-video-preview":"max-video-preview:-1"},"canonical":"https:\/\/www.cyberconfiance.ma\/ar\/emcyouth\/","og_locale":"ar_AR","og_type":"article","og_title":"EmcYouth - Cyberconfiance","og_description":"D\u00e9sol\u00e9, cette page est actuellement en cours de cr\u00e9ation. Nous nous excusons pour le d\u00e9sagr\u00e9ment. Notre \u00e9quipe travaille dur pour finaliser cette page et nous esp\u00e9rons pouvoir vous fournir un contenu passionnant tr\u00e8s bient\u00f4t. Merci de votre compr\u00e9hension !","og_url":"https:\/\/www.cyberconfiance.ma\/ar\/emcyouth\/","og_site_name":"Cyberconfiance","article_publisher":"https:\/\/www.google.com\/url?sa=i&url=httpswww.facebook.comcyberconfiance&psig=AOvVaw3KctkwLod8HoiqC5FTBO-G&ust=1735992076420000&source=images&cd=vfe&opi=89978449&ved=0CAYQrpoMahcKEwig3vXJwNmKAxUAAAAAHQAAAAAQBA","article_modified_time":"2023-10-01T19:04:44+00:00","og_image":[{"width":231,"height":317,"url":"https:\/\/www.cyberconfiance.ma\/wp-content\/uploads\/2023\/10\/LOGO-EMC-Youth-removebg-preview.png","type":"image\/png"}],"twitter_card":"summary_large_image","schema":{"@context":"https:\/\/schema.org","@graph":[{"@type":"WebPage","@id":"https:\/\/www.cyberconfiance.ma\/emcyouth\/","url":"https:\/\/www.cyberconfiance.ma\/emcyouth\/","name":"EmcYouth - Cyberconfiance","isPartOf":{"@id":"https:\/\/www.cyberconfiance.ma\/#website"},"primaryImageOfPage":{"@id":"https:\/\/www.cyberconfiance.ma\/emcyouth\/#primaryimage"},"image":{"@id":"https:\/\/www.cyberconfiance.ma\/emcyouth\/#primaryimage"},"thumbnailUrl":"https:\/\/www.cyberconfiance.ma\/wp-content\/uploads\/2023\/10\/LOGO-EMC-Youth-removebg-preview.png","datePublished":"2023-07-14T11:31:14+00:00","dateModified":"2023-10-01T19:04:44+00:00","breadcrumb":{"@id":"https:\/\/www.cyberconfiance.ma\/emcyouth\/#breadcrumb"},"inLanguage":"ar","potentialAction":[{"@type":"ReadAction","target":["https:\/\/www.cyberconfiance.ma\/emcyouth\/"]}]},{"@type":"ImageObject","inLanguage":"ar","@id":"https:\/\/www.cyberconfiance.ma\/emcyouth\/#primaryimage","url":"https:\/\/www.cyberconfiance.ma\/wp-content\/uploads\/2023\/10\/LOGO-EMC-Youth-removebg-preview.png","contentUrl":"https:\/\/www.cyberconfiance.ma\/wp-content\/uploads\/2023\/10\/LOGO-EMC-Youth-removebg-preview.png"},{"@type":"BreadcrumbList","@id":"https:\/\/www.cyberconfiance.ma\/emcyouth\/#breadcrumb","itemListElement":[{"@type":"ListItem","position":1,"name":"Accueil","item":"https:\/\/www.cyberconfiance.ma\/"},{"@type":"ListItem","position":2,"name":"EmcYouth"}]},{"@type":"WebSite","@id":"https:\/\/www.cyberconfiance.ma\/#website","url":"https:\/\/www.cyberconfiance.ma\/","name":"Cyber-Confiance","description":"Protection en ligne","potentialAction":[{"@type":"SearchAction","target":{"@type":"EntryPoint","urlTemplate":"https:\/\/www.cyberconfiance.ma\/?s={search_term_string}"},"query-input":{"@type":"PropertyValueSpecification","valueRequired":true,"valueName":"search_term_string"}}],"inLanguage":"ar"}]}},"_links":{"self":[{"href":"https:\/\/www.cyberconfiance.ma\/ar\/wp-json\/wp\/v2\/pages\/1510","targetHints":{"allow":["GET"]}}],"collection":[{"href":"https:\/\/www.cyberconfiance.ma\/ar\/wp-json\/wp\/v2\/pages"}],"about":[{"href":"https:\/\/www.cyberconfiance.ma\/ar\/wp-json\/wp\/v2\/types\/page"}],"author":[{"embeddable":true,"href":"https:\/\/www.cyberconfiance.ma\/ar\/wp-json\/wp\/v2\/users\/1"}],"replies":[{"embeddable":true,"href":"https:\/\/www.cyberconfiance.ma\/ar\/wp-json\/wp\/v2\/comments?post=1510"}],"version-history":[{"count":7,"href":"https:\/\/www.cyberconfiance.ma\/ar\/wp-json\/wp\/v2\/pages\/1510\/revisions"}],"predecessor-version":[{"id":3028,"href":"https:\/\/www.cyberconfiance.ma\/ar\/wp-json\/wp\/v2\/pages\/1510\/revisions\/3028"}],"wp:attachment":[{"href":"https:\/\/www.cyberconfiance.ma\/ar\/wp-json\/wp\/v2\/media?parent=1510"}],"curies":[{"name":"wp","href":"https:\/\/api.w.org\/{rel}","templated":true}]}}