{"id":1701,"date":"2023-07-16T14:58:03","date_gmt":"2023-07-16T12:58:03","guid":{"rendered":"http:\/\/localhost\/wordpress\/?page_id=1701"},"modified":"2023-10-01T14:46:24","modified_gmt":"2023-10-01T12:46:24","slug":"capsules-cn-2021","status":"publish","type":"page","link":"https:\/\/www.cyberconfiance.ma\/ar\/capsules-cn-2021\/","title":{"rendered":"Capsules CN 2021"},"content":{"rendered":"<div data-elementor-type=\"wp-page\" data-elementor-id=\"1701\" class=\"elementor elementor-1701\">\n\t\t\t\t\t\t\t<div class=\"elementor-element elementor-element-8d531e8 e-flex e-con-boxed wpr-particle-no wpr-jarallax-no wpr-parallax-no wpr-sticky-section-no e-con e-parent\" data-id=\"8d531e8\" data-element_type=\"container\" data-settings=\"{&quot;container_type&quot;:&quot;flex&quot;,&quot;content_width&quot;:&quot;boxed&quot;}\" data-core-v316-plus=\"true\">\n\t\t\t\t\t<div class=\"e-con-inner\">\n\t\t\t\t<div class=\"elementor-element elementor-element-9a36a31 elementor-widget elementor-widget-heading\" data-id=\"9a36a31\" data-element_type=\"widget\" data-widget_type=\"heading.default\">\n\t\t\t\t<div class=\"elementor-widget-container\">\n\t\t\t<style>\/*! elementor - v3.16.0 - 17-10-2023 *\/\n.elementor-heading-title{padding:0;margin:0;line-height:1}.elementor-widget-heading .elementor-heading-title[class*=elementor-size-]>a{color:inherit;font-size:inherit;line-height:inherit}.elementor-widget-heading .elementor-heading-title.elementor-size-small{font-size:15px}.elementor-widget-heading .elementor-heading-title.elementor-size-medium{font-size:19px}.elementor-widget-heading .elementor-heading-title.elementor-size-large{font-size:29px}.elementor-widget-heading .elementor-heading-title.elementor-size-xl{font-size:39px}.elementor-widget-heading .elementor-heading-title.elementor-size-xxl{font-size:59px}<\/style><h1 class=\"elementor-heading-title elementor-size-default\">\u0643\u0628\u0633\u0648\u0644\u0627\u062a <\/h1>\t\t<\/div>\n\t\t\t\t<\/div>\n\t\t\t\t<div class=\"elementor-element elementor-element-2bb787d elementor-widget elementor-widget-spacer\" data-id=\"2bb787d\" data-element_type=\"widget\" data-widget_type=\"spacer.default\">\n\t\t\t\t<div class=\"elementor-widget-container\">\n\t\t\t<style>\/*! elementor - v3.16.0 - 17-10-2023 *\/\n.elementor-column .elementor-spacer-inner{height:var(--spacer-size)}.e-con{--container-widget-width:100%}.e-con-inner>.elementor-widget-spacer,.e-con>.elementor-widget-spacer{width:var(--container-widget-width,var(--spacer-size));--align-self:var(--container-widget-align-self,initial);--flex-shrink:0}.e-con-inner>.elementor-widget-spacer>.elementor-widget-container,.e-con>.elementor-widget-spacer>.elementor-widget-container{height:100%;width:100%}.e-con-inner>.elementor-widget-spacer>.elementor-widget-container>.elementor-spacer,.e-con>.elementor-widget-spacer>.elementor-widget-container>.elementor-spacer{height:100%}.e-con-inner>.elementor-widget-spacer>.elementor-widget-container>.elementor-spacer>.elementor-spacer-inner,.e-con>.elementor-widget-spacer>.elementor-widget-container>.elementor-spacer>.elementor-spacer-inner{height:var(--container-widget-height,var(--spacer-size))}.e-con-inner>.elementor-widget-spacer.elementor-widget-empty,.e-con>.elementor-widget-spacer.elementor-widget-empty{position:relative;min-height:22px;min-width:22px}.e-con-inner>.elementor-widget-spacer.elementor-widget-empty .elementor-widget-empty-icon,.e-con>.elementor-widget-spacer.elementor-widget-empty .elementor-widget-empty-icon{position:absolute;top:0;bottom:0;left:0;right:0;margin:auto;padding:0;width:22px;height:22px}<\/style>\t\t<div class=\"elementor-spacer\">\n\t\t\t<div class=\"elementor-spacer-inner\"><\/div>\n\t\t<\/div>\n\t\t\t\t<\/div>\n\t\t\t\t<\/div>\n\t\t\t\t\t<\/div>\n\t\t\t\t<\/div>\n\t\t<div class=\"elementor-element elementor-element-ce8f2b0 e-grid e-con-boxed wpr-particle-no wpr-jarallax-no wpr-parallax-no wpr-sticky-section-no e-con e-parent\" data-id=\"ce8f2b0\" data-element_type=\"container\" data-settings=\"{&quot;container_type&quot;:&quot;grid&quot;,&quot;grid_columns_grid&quot;:{&quot;unit&quot;:&quot;fr&quot;,&quot;size&quot;:&quot;2&quot;,&quot;sizes&quot;:[]},&quot;grid_rows_grid&quot;:{&quot;unit&quot;:&quot;fr&quot;,&quot;size&quot;:&quot;2&quot;,&quot;sizes&quot;:[]},&quot;grid_rows_grid_mobile&quot;:{&quot;unit&quot;:&quot;fr&quot;,&quot;size&quot;:&quot;2&quot;,&quot;sizes&quot;:[]},&quot;content_width&quot;:&quot;boxed&quot;,&quot;grid_outline&quot;:&quot;yes&quot;,&quot;grid_columns_grid_tablet&quot;:{&quot;unit&quot;:&quot;fr&quot;,&quot;size&quot;:&quot;&quot;,&quot;sizes&quot;:[]},&quot;grid_columns_grid_mobile&quot;:{&quot;unit&quot;:&quot;fr&quot;,&quot;size&quot;:1,&quot;sizes&quot;:[]},&quot;grid_rows_grid_tablet&quot;:{&quot;unit&quot;:&quot;fr&quot;,&quot;size&quot;:&quot;&quot;,&quot;sizes&quot;:[]},&quot;grid_auto_flow&quot;:&quot;row&quot;,&quot;grid_auto_flow_tablet&quot;:&quot;row&quot;,&quot;grid_auto_flow_mobile&quot;:&quot;row&quot;}\" data-core-v316-plus=\"true\">\n\t\t\t\t\t<div class=\"e-con-inner\">\n\t\t<div class=\"elementor-element elementor-element-643483b e-flex e-con-boxed wpr-particle-no wpr-jarallax-no wpr-parallax-no wpr-sticky-section-no e-con e-child\" data-id=\"643483b\" data-element_type=\"container\" data-settings=\"{&quot;container_type&quot;:&quot;flex&quot;,&quot;content_width&quot;:&quot;boxed&quot;}\">\n\t\t\t\t\t<div class=\"e-con-inner\">\n\t\t\t\t<div class=\"elementor-element elementor-element-8cca104 elementor-widget elementor-widget-heading\" data-id=\"8cca104\" data-element_type=\"widget\" data-widget_type=\"heading.default\">\n\t\t\t\t<div class=\"elementor-widget-container\">\n\t\t\t<h3 class=\"elementor-heading-title elementor-size-default\"><p style=\"text-align: right\">\u0645\u0624\u062a\u0645\u0631 \u0625\u0637\u0644\u0627\u0642 \u062d\u0645\u0644\u0629 \u0627\u0644\u0648\u0642\u0627\u064a\u0629 \u0645\u0646 \u0627\u0644\u0639\u0646\u0641 \u0627\u0644\u0625\u0644\u0643\u062a\u0631\u0648\u0646\u064a \u0648\u0627\u0644\u062a\u062d\u0631\u0634 \u0627\u0644\u0625\u0644\u0643\u062a\u0631\u0648\u0646\u064a<\/p><\/h3>\t\t<\/div>\n\t\t\t\t<\/div>\n\t\t\t\t<div class=\"elementor-element elementor-element-d5ffa27 elementor-widget elementor-widget-video\" data-id=\"d5ffa27\" data-element_type=\"widget\" data-settings=\"{&quot;youtube_url&quot;:&quot;https:\\\/\\\/www.youtube.com\\\/watch?v=xzoBR3wploI&quot;,&quot;video_type&quot;:&quot;youtube&quot;,&quot;controls&quot;:&quot;yes&quot;}\" data-widget_type=\"video.default\">\n\t\t\t\t<div class=\"elementor-widget-container\">\n\t\t\t<style>\/*! elementor - v3.16.0 - 17-10-2023 *\/\n.elementor-widget-video .elementor-widget-container{overflow:hidden;transform:translateZ(0)}.elementor-widget-video .elementor-wrapper{aspect-ratio:var(--video-aspect-ratio)}.elementor-widget-video .elementor-wrapper iframe,.elementor-widget-video .elementor-wrapper video{height:100%;width:100%;display:flex;border:none;background-color:#000}@supports not (aspect-ratio:1\/1){.elementor-widget-video .elementor-wrapper{position:relative;overflow:hidden;height:0;padding-bottom:calc(100% \/ var(--video-aspect-ratio))}.elementor-widget-video .elementor-wrapper iframe,.elementor-widget-video .elementor-wrapper video{position:absolute;top:0;right:0;bottom:0;left:0}}.elementor-widget-video .elementor-open-inline .elementor-custom-embed-image-overlay{position:absolute;top:0;right:0;bottom:0;left:0;background-size:cover;background-position:50%}.elementor-widget-video .elementor-custom-embed-image-overlay{cursor:pointer;text-align:center}.elementor-widget-video .elementor-custom-embed-image-overlay:hover .elementor-custom-embed-play i{opacity:1}.elementor-widget-video .elementor-custom-embed-image-overlay img{display:block;width:100%;aspect-ratio:var(--video-aspect-ratio);-o-object-fit:cover;object-fit:cover;-o-object-position:center center;object-position:center center}@supports not (aspect-ratio:1\/1){.elementor-widget-video .elementor-custom-embed-image-overlay{position:relative;overflow:hidden;height:0;padding-bottom:calc(100% \/ var(--video-aspect-ratio))}.elementor-widget-video .elementor-custom-embed-image-overlay img{position:absolute;top:0;right:0;bottom:0;left:0}}.elementor-widget-video .e-hosted-video .elementor-video{-o-object-fit:cover;object-fit:cover}.e-con-inner>.elementor-widget-video,.e-con>.elementor-widget-video{width:var(--container-widget-width);--flex-grow:var(--container-widget-flex-grow)}<\/style>\t\t<div class=\"elementor-wrapper elementor-open-inline\">\n\t\t\t<div class=\"elementor-video\"><\/div>\t\t<\/div>\n\t\t\t\t<\/div>\n\t\t\t\t<\/div>\n\t\t\t\t\t<\/div>\n\t\t\t\t<\/div>\n\t\t<div class=\"elementor-element elementor-element-2832e4e e-flex e-con-boxed wpr-particle-no wpr-jarallax-no wpr-parallax-no wpr-sticky-section-no e-con e-child\" data-id=\"2832e4e\" data-element_type=\"container\" data-settings=\"{&quot;container_type&quot;:&quot;flex&quot;,&quot;content_width&quot;:&quot;boxed&quot;}\">\n\t\t\t\t\t<div class=\"e-con-inner\">\n\t\t\t\t<div class=\"elementor-element elementor-element-cb50c66 elementor-widget elementor-widget-heading\" data-id=\"cb50c66\" data-element_type=\"widget\" data-widget_type=\"heading.default\">\n\t\t\t\t<div class=\"elementor-widget-container\">\n\t\t\t<h3 class=\"elementor-heading-title elementor-size-default\"><p style=\"text-align: right\">\u0627\u0644\u062d\u0645\u0644\u0629 \u0627\u0644\u0648\u0637\u0646\u064a\u0629 \u0636\u062f \u0627\u0644\u0639\u0646\u0641 \u0627\u0644\u0625\u0644\u0643\u062a\u0631\u0648\u0646\u064a \u0648\u0627\u0644\u062a\u062d\u0631\u0634 \u0627\u0644\u0625\u0644\u0643\u062a\u0631\u0648\u0646\u064a<\/p>\n<\/h3>\t\t<\/div>\n\t\t\t\t<\/div>\n\t\t\t\t<div class=\"elementor-element elementor-element-abbe4c9 elementor-widget elementor-widget-video\" data-id=\"abbe4c9\" data-element_type=\"widget\" data-settings=\"{&quot;youtube_url&quot;:&quot;https:\\\/\\\/www.youtube.com\\\/watch?v=Gh4sTtLUwTg&quot;,&quot;video_type&quot;:&quot;youtube&quot;,&quot;controls&quot;:&quot;yes&quot;}\" data-widget_type=\"video.default\">\n\t\t\t\t<div class=\"elementor-widget-container\">\n\t\t\t\t\t<div class=\"elementor-wrapper elementor-open-inline\">\n\t\t\t<div class=\"elementor-video\"><\/div>\t\t<\/div>\n\t\t\t\t<\/div>\n\t\t\t\t<\/div>\n\t\t\t\t\t<\/div>\n\t\t\t\t<\/div>\n\t\t<div class=\"elementor-element elementor-element-1d267af e-flex e-con-boxed wpr-particle-no wpr-jarallax-no wpr-parallax-no wpr-sticky-section-no e-con e-child\" data-id=\"1d267af\" data-element_type=\"container\" data-settings=\"{&quot;container_type&quot;:&quot;flex&quot;,&quot;content_width&quot;:&quot;boxed&quot;}\">\n\t\t\t\t\t<div class=\"e-con-inner\">\n\t\t\t\t<div class=\"elementor-element elementor-element-40b435e elementor-widget elementor-widget-heading\" data-id=\"40b435e\" data-element_type=\"widget\" data-widget_type=\"heading.default\">\n\t\t\t\t<div class=\"elementor-widget-container\">\n\t\t\t<h3 class=\"elementor-heading-title elementor-size-default\"><p style=\"text-align: right\">\u062a\u062d\u0631\u0634 \u0627\u0644\u0643\u062a\u0631\u0648\u0646\u064a<\/p><\/h3>\t\t<\/div>\n\t\t\t\t<\/div>\n\t\t\t\t<div class=\"elementor-element elementor-element-75718c5 elementor-widget elementor-widget-video\" data-id=\"75718c5\" data-element_type=\"widget\" data-settings=\"{&quot;youtube_url&quot;:&quot;https:\\\/\\\/www.youtube.com\\\/watch?v=LFfo1HGPLxQ&quot;,&quot;video_type&quot;:&quot;youtube&quot;,&quot;controls&quot;:&quot;yes&quot;}\" data-widget_type=\"video.default\">\n\t\t\t\t<div class=\"elementor-widget-container\">\n\t\t\t\t\t<div class=\"elementor-wrapper elementor-open-inline\">\n\t\t\t<div class=\"elementor-video\"><\/div>\t\t<\/div>\n\t\t\t\t<\/div>\n\t\t\t\t<\/div>\n\t\t\t\t\t<\/div>\n\t\t\t\t<\/div>\n\t\t<div class=\"elementor-element elementor-element-ba8b371 e-flex e-con-boxed wpr-particle-no wpr-jarallax-no wpr-parallax-no wpr-sticky-section-no e-con e-child\" data-id=\"ba8b371\" data-element_type=\"container\" data-settings=\"{&quot;container_type&quot;:&quot;flex&quot;,&quot;content_width&quot;:&quot;boxed&quot;}\">\n\t\t\t\t\t<div class=\"e-con-inner\">\n\t\t\t\t<div class=\"elementor-element elementor-element-8358649 elementor-widget elementor-widget-heading\" data-id=\"8358649\" data-element_type=\"widget\" data-widget_type=\"heading.default\">\n\t\t\t\t<div class=\"elementor-widget-container\">\n\t\t\t<h3 class=\"elementor-heading-title elementor-size-default\"><p style=\"text-align: right\">\u0645\u0639\u0644\u0648\u0645\u0627\u062a \u0632\u0627\u0626\u0641\u0629<\/p>\n<\/h3>\t\t<\/div>\n\t\t\t\t<\/div>\n\t\t\t\t<div class=\"elementor-element elementor-element-2e817c2 elementor-widget elementor-widget-video\" data-id=\"2e817c2\" data-element_type=\"widget\" data-settings=\"{&quot;youtube_url&quot;:&quot;https:\\\/\\\/www.youtube.com\\\/watch?v=QDDUedwLaX8&quot;,&quot;video_type&quot;:&quot;youtube&quot;,&quot;controls&quot;:&quot;yes&quot;}\" data-widget_type=\"video.default\">\n\t\t\t\t<div class=\"elementor-widget-container\">\n\t\t\t\t\t<div class=\"elementor-wrapper elementor-open-inline\">\n\t\t\t<div class=\"elementor-video\"><\/div>\t\t<\/div>\n\t\t\t\t<\/div>\n\t\t\t\t<\/div>\n\t\t\t\t\t<\/div>\n\t\t\t\t<\/div>\n\t\t<div class=\"elementor-element elementor-element-e9637e8 e-flex e-con-boxed wpr-particle-no wpr-jarallax-no wpr-parallax-no wpr-sticky-section-no e-con e-child\" data-id=\"e9637e8\" data-element_type=\"container\" data-settings=\"{&quot;container_type&quot;:&quot;flex&quot;,&quot;content_width&quot;:&quot;boxed&quot;}\">\n\t\t\t\t\t<div class=\"e-con-inner\">\n\t\t\t\t<div class=\"elementor-element elementor-element-d2eb162 elementor-widget elementor-widget-heading\" data-id=\"d2eb162\" data-element_type=\"widget\" data-widget_type=\"heading.default\">\n\t\t\t\t<div class=\"elementor-widget-container\">\n\t\t\t<h3 class=\"elementor-heading-title elementor-size-default\"><p style=\"text-align: right\">\u0645\u0633\u0624\u0648\u0644\u064a\u0629 \u0627\u0644\u0622\u0628\u0627\u0621 \u0639\u0644\u0649 \u0627\u0644\u0625\u0646\u062a\u0631\u0646\u062a<\/p><\/h3>\t\t<\/div>\n\t\t\t\t<\/div>\n\t\t\t\t<div class=\"elementor-element elementor-element-439a04f elementor-widget elementor-widget-video\" data-id=\"439a04f\" data-element_type=\"widget\" data-settings=\"{&quot;youtube_url&quot;:&quot;https:\\\/\\\/www.youtube.com\\\/watch?v=aXiNG8tAlYM&quot;,&quot;video_type&quot;:&quot;youtube&quot;,&quot;controls&quot;:&quot;yes&quot;}\" data-widget_type=\"video.default\">\n\t\t\t\t<div class=\"elementor-widget-container\">\n\t\t\t\t\t<div class=\"elementor-wrapper elementor-open-inline\">\n\t\t\t<div class=\"elementor-video\"><\/div>\t\t<\/div>\n\t\t\t\t<\/div>\n\t\t\t\t<\/div>\n\t\t\t\t\t<\/div>\n\t\t\t\t<\/div>\n\t\t<div class=\"elementor-element elementor-element-8b5d700 e-flex e-con-boxed wpr-particle-no wpr-jarallax-no wpr-parallax-no wpr-sticky-section-no e-con e-child\" data-id=\"8b5d700\" data-element_type=\"container\" data-settings=\"{&quot;container_type&quot;:&quot;flex&quot;,&quot;content_width&quot;:&quot;boxed&quot;}\">\n\t\t\t\t\t<div class=\"e-con-inner\">\n\t\t\t\t<div class=\"elementor-element elementor-element-ece60b9 elementor-widget elementor-widget-heading\" data-id=\"ece60b9\" data-element_type=\"widget\" data-widget_type=\"heading.default\">\n\t\t\t\t<div class=\"elementor-widget-container\">\n\t\t\t<h3 class=\"elementor-heading-title elementor-size-default\"><p style=\"text-align: right\">\u0645\u0648\u0627\u0642\u0639 \u0627\u0644\u062a\u0648\u0627\u0635\u0644 \u0627\u0644\u0627\u062c\u062a\u0645\u0627\u0639\u064a\u060c \u0646\u0634\u0631 \u0627\u0644\u0628\u064a\u0627\u0646\u0627\u062a \u0627\u0644\u0634\u062e\u0635\u064a\u0629<\/p><\/h3>\t\t<\/div>\n\t\t\t\t<\/div>\n\t\t\t\t<div class=\"elementor-element elementor-element-5fc2067 elementor-widget elementor-widget-video\" data-id=\"5fc2067\" data-element_type=\"widget\" data-settings=\"{&quot;youtube_url&quot;:&quot;https:\\\/\\\/www.youtube.com\\\/watch?v=TYDqpM_TYqQ&quot;,&quot;video_type&quot;:&quot;youtube&quot;,&quot;controls&quot;:&quot;yes&quot;}\" data-widget_type=\"video.default\">\n\t\t\t\t<div class=\"elementor-widget-container\">\n\t\t\t\t\t<div class=\"elementor-wrapper elementor-open-inline\">\n\t\t\t<div class=\"elementor-video\"><\/div>\t\t<\/div>\n\t\t\t\t<\/div>\n\t\t\t\t<\/div>\n\t\t\t\t\t<\/div>\n\t\t\t\t<\/div>\n\t\t<div class=\"elementor-element elementor-element-3c4d2b2 e-flex e-con-boxed wpr-particle-no wpr-jarallax-no wpr-parallax-no wpr-sticky-section-no e-con e-child\" data-id=\"3c4d2b2\" data-element_type=\"container\" data-settings=\"{&quot;container_type&quot;:&quot;flex&quot;,&quot;content_width&quot;:&quot;boxed&quot;}\">\n\t\t\t\t\t<div class=\"e-con-inner\">\n\t\t\t\t<div class=\"elementor-element elementor-element-d4feb03 elementor-widget elementor-widget-heading\" data-id=\"d4feb03\" data-element_type=\"widget\" data-widget_type=\"heading.default\">\n\t\t\t\t<div class=\"elementor-widget-container\">\n\t\t\t<h3 class=\"elementor-heading-title elementor-size-default\"><p style=\"text-align: right\">\u0628\u0648\u0627\u0628\u0629 \u0627\u0644\u0625\u0628\u0644\u0627\u063a \u0644\u0645\u0646\u0638\u0645\u0629 \u0627\u0644\u0625\u0646\u062a\u0631\u0646\u062a \u0644\u0645\u0631\u0627\u0642\u0628\u0629 \u0627\u0644\u0645\u062d\u062a\u0648\u0649 \u0641\u064a \u0627\u0644\u0645\u063a\u0631\u0628<\/p><\/h3>\t\t<\/div>\n\t\t\t\t<\/div>\n\t\t\t\t<div class=\"elementor-element elementor-element-db7aa06 elementor-widget elementor-widget-video\" data-id=\"db7aa06\" data-element_type=\"widget\" data-settings=\"{&quot;youtube_url&quot;:&quot;https:\\\/\\\/www.youtube.com\\\/watch?v=FSRcgO06nQs&quot;,&quot;video_type&quot;:&quot;youtube&quot;,&quot;controls&quot;:&quot;yes&quot;}\" data-widget_type=\"video.default\">\n\t\t\t\t<div class=\"elementor-widget-container\">\n\t\t\t\t\t<div class=\"elementor-wrapper elementor-open-inline\">\n\t\t\t<div class=\"elementor-video\"><\/div>\t\t<\/div>\n\t\t\t\t<\/div>\n\t\t\t\t<\/div>\n\t\t\t\t\t<\/div>\n\t\t\t\t<\/div>\n\t\t<div class=\"elementor-element elementor-element-da4f009 e-flex e-con-boxed wpr-particle-no wpr-jarallax-no wpr-parallax-no wpr-sticky-section-no e-con e-child\" data-id=\"da4f009\" data-element_type=\"container\" data-settings=\"{&quot;container_type&quot;:&quot;flex&quot;,&quot;content_width&quot;:&quot;boxed&quot;}\">\n\t\t\t\t\t<div class=\"e-con-inner\">\n\t\t\t\t\t<\/div>\n\t\t\t\t<\/div>\n\t\t\t\t\t<\/div>\n\t\t\t\t<\/div>\n\t\t\t\t\t\t\t<\/div>","protected":false},"excerpt":{"rendered":"<p>Capsules Conf\u00e9rence de lancement de la campagne de pr\u00e9vention contre la cyberviolence et le cyberharc\u00e8lement Campagne Nationale contre la cyberviolence et le cyberharc\u00e8lement Cyberharc\u00e8lement et cyberintimidation (Darija) Fausses informations (Darija) Responsabilit\u00e9 des parents sur Internet (Darija) R\u00e9seaux sociaux, publication des donn\u00e9es personnelles (darija) Portail de signalement IWF Maroc (Darija)<\/p>","protected":false},"author":1,"featured_media":0,"parent":0,"menu_order":0,"comment_status":"closed","ping_status":"closed","template":"","meta":{"_eb_attr":"","footnotes":""},"class_list":["post-1701","page","type-page","status-publish","hentry","entry"],"yoast_head":"<!-- This site is optimized with the Yoast SEO plugin v24.1 - https:\/\/yoast.com\/wordpress\/plugins\/seo\/ -->\n<title>Capsules CN 2021 - Cyberconfiance<\/title>\n<meta name=\"robots\" content=\"index, follow, max-snippet:-1, max-image-preview:large, max-video-preview:-1\" \/>\n<link rel=\"canonical\" href=\"https:\/\/www.cyberconfiance.ma\/ar\/capsules-cn-2021\/\" \/>\n<meta property=\"og:locale\" content=\"ar_AR\" \/>\n<meta property=\"og:type\" content=\"article\" \/>\n<meta property=\"og:title\" content=\"Capsules CN 2021 - Cyberconfiance\" \/>\n<meta property=\"og:description\" content=\"Capsules Conf\u00e9rence de lancement de la campagne de pr\u00e9vention contre la cyberviolence et le cyberharc\u00e8lement Campagne Nationale contre la cyberviolence et le cyberharc\u00e8lement Cyberharc\u00e8lement et cyberintimidation (Darija) Fausses informations (Darija) Responsabilit\u00e9 des parents sur Internet (Darija) R\u00e9seaux sociaux, publication des donn\u00e9es personnelles (darija) Portail de signalement IWF Maroc (Darija)\" \/>\n<meta property=\"og:url\" content=\"https:\/\/www.cyberconfiance.ma\/ar\/capsules-cn-2021\/\" \/>\n<meta property=\"og:site_name\" content=\"Cyberconfiance\" \/>\n<meta property=\"article:publisher\" content=\"https:\/\/www.google.com\/url?sa=i&amp;url=httpswww.facebook.comcyberconfiance&amp;psig=AOvVaw3KctkwLod8HoiqC5FTBO-G&amp;ust=1735992076420000&amp;source=images&amp;cd=vfe&amp;opi=89978449&amp;ved=0CAYQrpoMahcKEwig3vXJwNmKAxUAAAAAHQAAAAAQBA\" \/>\n<meta property=\"article:modified_time\" content=\"2023-10-01T12:46:24+00:00\" \/>\n<meta name=\"twitter:card\" content=\"summary_large_image\" \/>\n<meta name=\"twitter:label1\" content=\"\u0648\u0642\u062a \u0627\u0644\u0642\u0631\u0627\u0621\u0629 \u0627\u0644\u0645\u064f\u0642\u062f\u0651\u0631\" \/>\n\t<meta name=\"twitter:data1\" content=\"\u062f\u0642\u064a\u0642\u0629 \u0648\u0627\u062d\u062f\u0629\" \/>\n<script type=\"application\/ld+json\" class=\"yoast-schema-graph\">{\"@context\":\"https:\/\/schema.org\",\"@graph\":[{\"@type\":\"WebPage\",\"@id\":\"https:\/\/www.cyberconfiance.ma\/capsules-cn-2021\/\",\"url\":\"https:\/\/www.cyberconfiance.ma\/capsules-cn-2021\/\",\"name\":\"Capsules CN 2021 - Cyberconfiance\",\"isPartOf\":{\"@id\":\"https:\/\/www.cyberconfiance.ma\/#website\"},\"datePublished\":\"2023-07-16T12:58:03+00:00\",\"dateModified\":\"2023-10-01T12:46:24+00:00\",\"breadcrumb\":{\"@id\":\"https:\/\/www.cyberconfiance.ma\/capsules-cn-2021\/#breadcrumb\"},\"inLanguage\":\"ar\",\"potentialAction\":[{\"@type\":\"ReadAction\",\"target\":[\"https:\/\/www.cyberconfiance.ma\/capsules-cn-2021\/\"]}]},{\"@type\":\"BreadcrumbList\",\"@id\":\"https:\/\/www.cyberconfiance.ma\/capsules-cn-2021\/#breadcrumb\",\"itemListElement\":[{\"@type\":\"ListItem\",\"position\":1,\"name\":\"Accueil\",\"item\":\"https:\/\/www.cyberconfiance.ma\/\"},{\"@type\":\"ListItem\",\"position\":2,\"name\":\"Capsules CN 2021\"}]},{\"@type\":\"WebSite\",\"@id\":\"https:\/\/www.cyberconfiance.ma\/#website\",\"url\":\"https:\/\/www.cyberconfiance.ma\/\",\"name\":\"Cyber-Confiance\",\"description\":\"Protection en ligne\",\"potentialAction\":[{\"@type\":\"SearchAction\",\"target\":{\"@type\":\"EntryPoint\",\"urlTemplate\":\"https:\/\/www.cyberconfiance.ma\/?s={search_term_string}\"},\"query-input\":{\"@type\":\"PropertyValueSpecification\",\"valueRequired\":true,\"valueName\":\"search_term_string\"}}],\"inLanguage\":\"ar\"}]}<\/script>\n<!-- \/ Yoast SEO plugin. -->","yoast_head_json":{"title":"Capsules CN 2021 - Cyberconfiance","robots":{"index":"index","follow":"follow","max-snippet":"max-snippet:-1","max-image-preview":"max-image-preview:large","max-video-preview":"max-video-preview:-1"},"canonical":"https:\/\/www.cyberconfiance.ma\/ar\/capsules-cn-2021\/","og_locale":"ar_AR","og_type":"article","og_title":"Capsules CN 2021 - Cyberconfiance","og_description":"Capsules Conf\u00e9rence de lancement de la campagne de pr\u00e9vention contre la cyberviolence et le cyberharc\u00e8lement Campagne Nationale contre la cyberviolence et le cyberharc\u00e8lement Cyberharc\u00e8lement et cyberintimidation (Darija) Fausses informations (Darija) Responsabilit\u00e9 des parents sur Internet (Darija) R\u00e9seaux sociaux, publication des donn\u00e9es personnelles (darija) Portail de signalement IWF Maroc (Darija)","og_url":"https:\/\/www.cyberconfiance.ma\/ar\/capsules-cn-2021\/","og_site_name":"Cyberconfiance","article_publisher":"https:\/\/www.google.com\/url?sa=i&url=httpswww.facebook.comcyberconfiance&psig=AOvVaw3KctkwLod8HoiqC5FTBO-G&ust=1735992076420000&source=images&cd=vfe&opi=89978449&ved=0CAYQrpoMahcKEwig3vXJwNmKAxUAAAAAHQAAAAAQBA","article_modified_time":"2023-10-01T12:46:24+00:00","twitter_card":"summary_large_image","twitter_misc":{"\u0648\u0642\u062a \u0627\u0644\u0642\u0631\u0627\u0621\u0629 \u0627\u0644\u0645\u064f\u0642\u062f\u0651\u0631":"\u062f\u0642\u064a\u0642\u0629 \u0648\u0627\u062d\u062f\u0629"},"schema":{"@context":"https:\/\/schema.org","@graph":[{"@type":"WebPage","@id":"https:\/\/www.cyberconfiance.ma\/capsules-cn-2021\/","url":"https:\/\/www.cyberconfiance.ma\/capsules-cn-2021\/","name":"Capsules CN 2021 - Cyberconfiance","isPartOf":{"@id":"https:\/\/www.cyberconfiance.ma\/#website"},"datePublished":"2023-07-16T12:58:03+00:00","dateModified":"2023-10-01T12:46:24+00:00","breadcrumb":{"@id":"https:\/\/www.cyberconfiance.ma\/capsules-cn-2021\/#breadcrumb"},"inLanguage":"ar","potentialAction":[{"@type":"ReadAction","target":["https:\/\/www.cyberconfiance.ma\/capsules-cn-2021\/"]}]},{"@type":"BreadcrumbList","@id":"https:\/\/www.cyberconfiance.ma\/capsules-cn-2021\/#breadcrumb","itemListElement":[{"@type":"ListItem","position":1,"name":"Accueil","item":"https:\/\/www.cyberconfiance.ma\/"},{"@type":"ListItem","position":2,"name":"Capsules CN 2021"}]},{"@type":"WebSite","@id":"https:\/\/www.cyberconfiance.ma\/#website","url":"https:\/\/www.cyberconfiance.ma\/","name":"Cyber-Confiance","description":"Protection en ligne","potentialAction":[{"@type":"SearchAction","target":{"@type":"EntryPoint","urlTemplate":"https:\/\/www.cyberconfiance.ma\/?s={search_term_string}"},"query-input":{"@type":"PropertyValueSpecification","valueRequired":true,"valueName":"search_term_string"}}],"inLanguage":"ar"}]}},"_links":{"self":[{"href":"https:\/\/www.cyberconfiance.ma\/ar\/wp-json\/wp\/v2\/pages\/1701","targetHints":{"allow":["GET"]}}],"collection":[{"href":"https:\/\/www.cyberconfiance.ma\/ar\/wp-json\/wp\/v2\/pages"}],"about":[{"href":"https:\/\/www.cyberconfiance.ma\/ar\/wp-json\/wp\/v2\/types\/page"}],"author":[{"embeddable":true,"href":"https:\/\/www.cyberconfiance.ma\/ar\/wp-json\/wp\/v2\/users\/1"}],"replies":[{"embeddable":true,"href":"https:\/\/www.cyberconfiance.ma\/ar\/wp-json\/wp\/v2\/comments?post=1701"}],"version-history":[{"count":13,"href":"https:\/\/www.cyberconfiance.ma\/ar\/wp-json\/wp\/v2\/pages\/1701\/revisions"}],"predecessor-version":[{"id":2983,"href":"https:\/\/www.cyberconfiance.ma\/ar\/wp-json\/wp\/v2\/pages\/1701\/revisions\/2983"}],"wp:attachment":[{"href":"https:\/\/www.cyberconfiance.ma\/ar\/wp-json\/wp\/v2\/media?parent=1701"}],"curies":[{"name":"wp","href":"https:\/\/api.w.org\/{rel}","templated":true}]}}