{"id":2340,"date":"2023-07-26T15:47:02","date_gmt":"2023-07-26T13:47:02","guid":{"rendered":"http:\/\/localhost\/wordpress\/?page_id=2340"},"modified":"2023-10-01T19:14:20","modified_gmt":"2023-10-01T17:14:20","slug":"press-compagnie-nationale-2022","status":"publish","type":"page","link":"https:\/\/www.cyberconfiance.ma\/ar\/press-compagnie-nationale-2022\/","title":{"rendered":"Press compagnie nationale 2022"},"content":{"rendered":"<div data-elementor-type=\"wp-page\" data-elementor-id=\"2340\" class=\"elementor elementor-2340\">\n\t\t\t\t\t\t\t<div class=\"elementor-element elementor-element-7bf13c2 e-flex e-con-boxed wpr-particle-no wpr-jarallax-no wpr-parallax-no wpr-sticky-section-no e-con e-parent\" data-id=\"7bf13c2\" data-element_type=\"container\" data-settings=\"{&quot;container_type&quot;:&quot;flex&quot;,&quot;content_width&quot;:&quot;boxed&quot;}\" data-core-v316-plus=\"true\">\n\t\t\t\t\t<div class=\"e-con-inner\">\n\t\t\t\t<div class=\"elementor-element elementor-element-62c2846 elementor-widget elementor-widget-heading\" data-id=\"62c2846\" data-element_type=\"widget\" data-widget_type=\"heading.default\">\n\t\t\t\t<div class=\"elementor-widget-container\">\n\t\t\t<style>\/*! elementor - v3.16.0 - 17-10-2023 *\/\n.elementor-heading-title{padding:0;margin:0;line-height:1}.elementor-widget-heading .elementor-heading-title[class*=elementor-size-]>a{color:inherit;font-size:inherit;line-height:inherit}.elementor-widget-heading .elementor-heading-title.elementor-size-small{font-size:15px}.elementor-widget-heading .elementor-heading-title.elementor-size-medium{font-size:19px}.elementor-widget-heading .elementor-heading-title.elementor-size-large{font-size:29px}.elementor-widget-heading .elementor-heading-title.elementor-size-xl{font-size:39px}.elementor-widget-heading .elementor-heading-title.elementor-size-xxl{font-size:59px}<\/style><h1 class=\"elementor-heading-title elementor-size-default\">\u0628\u064a\u0627\u0646 \u0635\u062d\u0641\u064a<\/h1>\t\t<\/div>\n\t\t\t\t<\/div>\n\t\t<div class=\"elementor-element elementor-element-636f8fc e-flex e-con-boxed wpr-particle-no wpr-jarallax-no wpr-parallax-no wpr-sticky-section-no e-con e-child\" data-id=\"636f8fc\" data-element_type=\"container\" data-settings=\"{&quot;container_type&quot;:&quot;flex&quot;,&quot;content_width&quot;:&quot;boxed&quot;}\">\n\t\t\t\t\t<div class=\"e-con-inner\">\n\t\t\t\t<div class=\"elementor-element elementor-element-c71af3b elementor-widget elementor-widget-spacer\" data-id=\"c71af3b\" data-element_type=\"widget\" data-widget_type=\"spacer.default\">\n\t\t\t\t<div class=\"elementor-widget-container\">\n\t\t\t<style>\/*! elementor - v3.16.0 - 17-10-2023 *\/\n.elementor-column .elementor-spacer-inner{height:var(--spacer-size)}.e-con{--container-widget-width:100%}.e-con-inner>.elementor-widget-spacer,.e-con>.elementor-widget-spacer{width:var(--container-widget-width,var(--spacer-size));--align-self:var(--container-widget-align-self,initial);--flex-shrink:0}.e-con-inner>.elementor-widget-spacer>.elementor-widget-container,.e-con>.elementor-widget-spacer>.elementor-widget-container{height:100%;width:100%}.e-con-inner>.elementor-widget-spacer>.elementor-widget-container>.elementor-spacer,.e-con>.elementor-widget-spacer>.elementor-widget-container>.elementor-spacer{height:100%}.e-con-inner>.elementor-widget-spacer>.elementor-widget-container>.elementor-spacer>.elementor-spacer-inner,.e-con>.elementor-widget-spacer>.elementor-widget-container>.elementor-spacer>.elementor-spacer-inner{height:var(--container-widget-height,var(--spacer-size))}.e-con-inner>.elementor-widget-spacer.elementor-widget-empty,.e-con>.elementor-widget-spacer.elementor-widget-empty{position:relative;min-height:22px;min-width:22px}.e-con-inner>.elementor-widget-spacer.elementor-widget-empty .elementor-widget-empty-icon,.e-con>.elementor-widget-spacer.elementor-widget-empty .elementor-widget-empty-icon{position:absolute;top:0;bottom:0;left:0;right:0;margin:auto;padding:0;width:22px;height:22px}<\/style>\t\t<div class=\"elementor-spacer\">\n\t\t\t<div class=\"elementor-spacer-inner\"><\/div>\n\t\t<\/div>\n\t\t\t\t<\/div>\n\t\t\t\t<\/div>\n\t\t\t\t\t<\/div>\n\t\t\t\t<\/div>\n\t\t\t\t\t<\/div>\n\t\t\t\t<\/div>\n\t\t<div class=\"elementor-element elementor-element-54c101b e-grid e-con-boxed wpr-particle-no wpr-jarallax-no wpr-parallax-no wpr-sticky-section-no e-con e-parent\" data-id=\"54c101b\" data-element_type=\"container\" data-settings=\"{&quot;container_type&quot;:&quot;grid&quot;,&quot;grid_columns_grid&quot;:{&quot;unit&quot;:&quot;fr&quot;,&quot;size&quot;:&quot;2&quot;,&quot;sizes&quot;:[]},&quot;grid_rows_grid&quot;:{&quot;unit&quot;:&quot;fr&quot;,&quot;size&quot;:&quot;1&quot;,&quot;sizes&quot;:[]},&quot;grid_rows_grid_mobile&quot;:{&quot;unit&quot;:&quot;fr&quot;,&quot;size&quot;:&quot;1&quot;,&quot;sizes&quot;:[]},&quot;content_width&quot;:&quot;boxed&quot;,&quot;grid_outline&quot;:&quot;yes&quot;,&quot;grid_columns_grid_tablet&quot;:{&quot;unit&quot;:&quot;fr&quot;,&quot;size&quot;:&quot;&quot;,&quot;sizes&quot;:[]},&quot;grid_columns_grid_mobile&quot;:{&quot;unit&quot;:&quot;fr&quot;,&quot;size&quot;:1,&quot;sizes&quot;:[]},&quot;grid_rows_grid_tablet&quot;:{&quot;unit&quot;:&quot;fr&quot;,&quot;size&quot;:&quot;&quot;,&quot;sizes&quot;:[]},&quot;grid_auto_flow&quot;:&quot;row&quot;,&quot;grid_auto_flow_tablet&quot;:&quot;row&quot;,&quot;grid_auto_flow_mobile&quot;:&quot;row&quot;}\" data-core-v316-plus=\"true\">\n\t\t\t\t\t<div class=\"e-con-inner\">\n\t\t<div class=\"elementor-element elementor-element-7c108be e-flex e-con-boxed wpr-particle-no wpr-jarallax-no wpr-parallax-no wpr-sticky-section-no e-con e-child\" data-id=\"7c108be\" data-element_type=\"container\" data-settings=\"{&quot;background_background&quot;:&quot;classic&quot;,&quot;container_type&quot;:&quot;flex&quot;,&quot;content_width&quot;:&quot;boxed&quot;}\">\n\t\t\t\t\t<div class=\"e-con-inner\">\n\t\t\t\t<div class=\"elementor-element elementor-element-7dd899a elementor-widget elementor-widget-heading\" data-id=\"7dd899a\" data-element_type=\"widget\" data-widget_type=\"heading.default\">\n\t\t\t\t<div class=\"elementor-widget-container\">\n\t\t\t<h2 class=\"elementor-heading-title elementor-size-default\">\u0628\u064a\u0627\u0646 \u0635\u062d\u0641\u064a \u0628\u0627\u0644\u0639\u0631\u0628\u064a\u0629<\/h2>\t\t<\/div>\n\t\t\t\t<\/div>\n\t\t\t\t<div class=\"elementor-element elementor-element-278d644 elementor-widget elementor-widget-image\" data-id=\"278d644\" data-element_type=\"widget\" data-widget_type=\"image.default\">\n\t\t\t\t<div class=\"elementor-widget-container\">\n\t\t\t<style>\/*! elementor - v3.16.0 - 17-10-2023 *\/\n.elementor-widget-image{text-align:center}.elementor-widget-image a{display:inline-block}.elementor-widget-image a img[src$=\".svg\"]{width:48px}.elementor-widget-image img{vertical-align:middle;display:inline-block}<\/style>\t\t\t\t\t\t\t\t\t\t\t\t<img loading=\"lazy\" decoding=\"async\" width=\"724\" height=\"1024\" src=\"https:\/\/www.cyberconfiance.ma\/wp-content\/uploads\/2023\/07\/\u0627\u0644\u0628\u0644\u0627\u063a-\u0627\u0644\u0635\u062d\u0641\u064a-\u0644\u0644\u062d\u0645\u0644\u0629-CMRPI-1.png\" class=\"elementor-animation-grow attachment-large size-large wp-image-2344\" alt=\"\" \/>\t\t\t\t\t\t\t\t\t\t\t\t\t\t\t<\/div>\n\t\t\t\t<\/div>\n\t\t\t\t<div class=\"elementor-element elementor-element-1377669 elementor-align-center elementor-widget elementor-widget-button\" data-id=\"1377669\" data-element_type=\"widget\" data-widget_type=\"button.default\">\n\t\t\t\t<div class=\"elementor-widget-container\">\n\t\t\t\t\t<div class=\"elementor-button-wrapper\">\n\t\t\t<a class=\"elementor-button elementor-button-link elementor-size-sm\" href=\"https:\/\/www.cyberconfiance.ma\/wp-content\/uploads\/2023\/07\/\u0627\u0644\u0628\u0644\u0627\u063a-\u0627\u0644\u0635\u062d\u0641\u064a-\u0644\u0644\u062d\u0645\u0644\u0629-CMRPI.pdf\" target=\"_blank\">\n\t\t\t\t\t\t<span class=\"elementor-button-content-wrapper\">\n\t\t\t\t\t\t<span class=\"elementor-button-icon elementor-align-icon-left\">\n\t\t\t\t<svg aria-hidden=\"true\" class=\"e-font-icon-svg e-far-eye\" viewbox=\"0 0 576 512\" xmlns=\"http:\/\/www.w3.org\/2000\/svg\"><path d=\"M288 144a110.94 110.94 0 0 0-31.24 5 55.4 55.4 0 0 1 7.24 27 56 56 0 0 1-56 56 55.4 55.4 0 0 1-27-7.24A111.71 111.71 0 1 0 288 144zm284.52 97.4C518.29 135.59 410.93 64 288 64S57.68 135.64 3.48 241.41a32.35 32.35 0 0 0 0 29.19C57.71 376.41 165.07 448 288 448s230.32-71.64 284.52-177.41a32.35 32.35 0 0 0 0-29.19zM288 400c-98.65 0-189.09-55-237.93-144C98.91 167 189.34 112 288 112s189.09 55 237.93 144C477.1 345 386.66 400 288 400z\"><\/path><\/svg>\t\t\t<\/span>\n\t\t\t\t\t\t<span class=\"elementor-button-text\">\u0639\u0631\u0636 \u0645\u0644\u0641 PDF<\/span>\n\t\t<\/span>\n\t\t\t\t\t<\/a>\n\t\t<\/div>\n\t\t\t\t<\/div>\n\t\t\t\t<\/div>\n\t\t\t\t<div class=\"elementor-element elementor-element-bedbdd1 elementor-align-center elementor-widget elementor-widget-button\" data-id=\"bedbdd1\" data-element_type=\"widget\" data-widget_type=\"button.default\">\n\t\t\t\t<div class=\"elementor-widget-container\">\n\t\t\t\t\t<div class=\"elementor-button-wrapper\">\n\t\t\t<a class=\"elementor-button elementor-button-link elementor-size-sm\" href=\"https:\/\/www.cyberconfiance.ma\/wp-content\/uploads\/2023\/07\/\u0627\u0644\u0628\u0644\u0627\u063a-\u0627\u0644\u0635\u062d\u0641\u064a-\u0644\u0644\u062d\u0645\u0644\u0629-CMRPI.pdf\" target=\"_blank\" download=\"\">\n\t\t\t\t\t\t<span class=\"elementor-button-content-wrapper\">\n\t\t\t\t\t\t<span class=\"elementor-button-icon elementor-align-icon-left\">\n\t\t\t\t<svg aria-hidden=\"true\" class=\"e-font-icon-svg e-fas-download\" viewbox=\"0 0 512 512\" xmlns=\"http:\/\/www.w3.org\/2000\/svg\"><path d=\"M216 0h80c13.3 0 24 10.7 24 24v168h87.7c17.8 0 26.7 21.5 14.1 34.1L269.7 378.3c-7.5 7.5-19.8 7.5-27.3 0L90.1 226.1c-12.6-12.6-3.7-34.1 14.1-34.1H192V24c0-13.3 10.7-24 24-24zm296 376v112c0 13.3-10.7 24-24 24H24c-13.3 0-24-10.7-24-24V376c0-13.3 10.7-24 24-24h146.7l49 49c20.1 20.1 52.5 20.1 72.6 0l49-49H488c13.3 0 24 10.7 24 24zm-124 88c0-11-9-20-20-20s-20 9-20 20 9 20 20 20 20-9 20-20zm64 0c0-11-9-20-20-20s-20 9-20 20 9 20 20 20 20-9 20-20z\"><\/path><\/svg>\t\t\t<\/span>\n\t\t\t\t\t\t<span class=\"elementor-button-text\">\u0642\u0645 \u0628\u062a\u0646\u0632\u064a\u0644 \u0645\u0644\u0641 PDF<\/span>\n\t\t<\/span>\n\t\t\t\t\t<\/a>\n\t\t<\/div>\n\t\t\t\t<\/div>\n\t\t\t\t<\/div>\n\t\t\t\t\t<\/div>\n\t\t\t\t<\/div>\n\t\t<div class=\"elementor-element elementor-element-29ab74f e-flex e-con-boxed wpr-particle-no wpr-jarallax-no wpr-parallax-no wpr-sticky-section-no e-con e-child\" data-id=\"29ab74f\" data-element_type=\"container\" data-settings=\"{&quot;background_background&quot;:&quot;classic&quot;,&quot;container_type&quot;:&quot;flex&quot;,&quot;content_width&quot;:&quot;boxed&quot;}\">\n\t\t\t\t\t<div class=\"e-con-inner\">\n\t\t\t\t<div class=\"elementor-element elementor-element-b24b12c elementor-widget elementor-widget-heading\" data-id=\"b24b12c\" data-element_type=\"widget\" data-widget_type=\"heading.default\">\n\t\t\t\t<div class=\"elementor-widget-container\">\n\t\t\t<h2 class=\"elementor-heading-title elementor-size-default\">\u0628\u064a\u0627\u0646 \u0635\u062d\u0641\u064a \u0628\u0627\u0644\u0641\u0631\u0646\u0633\u064a\u0629<\/h2>\t\t<\/div>\n\t\t\t\t<\/div>\n\t\t\t\t<div class=\"elementor-element elementor-element-8a35442 elementor-widget elementor-widget-image\" data-id=\"8a35442\" data-element_type=\"widget\" data-widget_type=\"image.default\">\n\t\t\t\t<div class=\"elementor-widget-container\">\n\t\t\t\t\t\t\t\t\t\t\t\t\t\t\t<img loading=\"lazy\" decoding=\"async\" width=\"724\" height=\"1024\" src=\"https:\/\/www.cyberconfiance.ma\/wp-content\/uploads\/2023\/07\/Communique-de-Presse-CMRPI-1.png\" class=\"elementor-animation-grow attachment-large size-large wp-image-2343\" alt=\"\" \/>\t\t\t\t\t\t\t\t\t\t\t\t\t\t\t<\/div>\n\t\t\t\t<\/div>\n\t\t\t\t<div class=\"elementor-element elementor-element-36f75a1 elementor-align-center elementor-widget elementor-widget-button\" data-id=\"36f75a1\" data-element_type=\"widget\" data-widget_type=\"button.default\">\n\t\t\t\t<div class=\"elementor-widget-container\">\n\t\t\t\t\t<div class=\"elementor-button-wrapper\">\n\t\t\t<a class=\"elementor-button elementor-button-link elementor-size-sm\" href=\"https:\/\/www.cyberconfiance.ma\/wp-content\/uploads\/2023\/07\/\u0627\u0644\u0628\u0644\u0627\u063a-\u0627\u0644\u0635\u062d\u0641\u064a-\u0644\u0644\u062d\u0645\u0644\u0629-CMRPI.pdf\" target=\"_blank\">\n\t\t\t\t\t\t<span class=\"elementor-button-content-wrapper\">\n\t\t\t\t\t\t<span class=\"elementor-button-icon elementor-align-icon-left\">\n\t\t\t\t<svg aria-hidden=\"true\" class=\"e-font-icon-svg e-far-eye\" viewbox=\"0 0 576 512\" xmlns=\"http:\/\/www.w3.org\/2000\/svg\"><path d=\"M288 144a110.94 110.94 0 0 0-31.24 5 55.4 55.4 0 0 1 7.24 27 56 56 0 0 1-56 56 55.4 55.4 0 0 1-27-7.24A111.71 111.71 0 1 0 288 144zm284.52 97.4C518.29 135.59 410.93 64 288 64S57.68 135.64 3.48 241.41a32.35 32.35 0 0 0 0 29.19C57.71 376.41 165.07 448 288 448s230.32-71.64 284.52-177.41a32.35 32.35 0 0 0 0-29.19zM288 400c-98.65 0-189.09-55-237.93-144C98.91 167 189.34 112 288 112s189.09 55 237.93 144C477.1 345 386.66 400 288 400z\"><\/path><\/svg>\t\t\t<\/span>\n\t\t\t\t\t\t<span class=\"elementor-button-text\">\u0639\u0631\u0636 \u0645\u0644\u0641 PDF<\/span>\n\t\t<\/span>\n\t\t\t\t\t<\/a>\n\t\t<\/div>\n\t\t\t\t<\/div>\n\t\t\t\t<\/div>\n\t\t\t\t<div class=\"elementor-element elementor-element-e12fc0b elementor-align-center elementor-widget elementor-widget-button\" data-id=\"e12fc0b\" data-element_type=\"widget\" data-widget_type=\"button.default\">\n\t\t\t\t<div class=\"elementor-widget-container\">\n\t\t\t\t\t<div class=\"elementor-button-wrapper\">\n\t\t\t<a class=\"elementor-button elementor-button-link elementor-size-sm\" href=\"https:\/\/www.cyberconfiance.ma\/wp-content\/uploads\/2023\/07\/\u0627\u0644\u0628\u0644\u0627\u063a-\u0627\u0644\u0635\u062d\u0641\u064a-\u0644\u0644\u062d\u0645\u0644\u0629-CMRPI.pdf\" target=\"_blank\" download=\"\">\n\t\t\t\t\t\t<span class=\"elementor-button-content-wrapper\">\n\t\t\t\t\t\t<span class=\"elementor-button-icon elementor-align-icon-left\">\n\t\t\t\t<svg aria-hidden=\"true\" class=\"e-font-icon-svg e-fas-download\" viewbox=\"0 0 512 512\" xmlns=\"http:\/\/www.w3.org\/2000\/svg\"><path d=\"M216 0h80c13.3 0 24 10.7 24 24v168h87.7c17.8 0 26.7 21.5 14.1 34.1L269.7 378.3c-7.5 7.5-19.8 7.5-27.3 0L90.1 226.1c-12.6-12.6-3.7-34.1 14.1-34.1H192V24c0-13.3 10.7-24 24-24zm296 376v112c0 13.3-10.7 24-24 24H24c-13.3 0-24-10.7-24-24V376c0-13.3 10.7-24 24-24h146.7l49 49c20.1 20.1 52.5 20.1 72.6 0l49-49H488c13.3 0 24 10.7 24 24zm-124 88c0-11-9-20-20-20s-20 9-20 20 9 20 20 20 20-9 20-20zm64 0c0-11-9-20-20-20s-20 9-20 20 9 20 20 20 20-9 20-20z\"><\/path><\/svg>\t\t\t<\/span>\n\t\t\t\t\t\t<span class=\"elementor-button-text\">\u0642\u0645 \u0628\u062a\u0646\u0632\u064a\u0644 \u0645\u0644\u0641 PDF<\/span>\n\t\t<\/span>\n\t\t\t\t\t<\/a>\n\t\t<\/div>\n\t\t\t\t<\/div>\n\t\t\t\t<\/div>\n\t\t\t\t\t<\/div>\n\t\t\t\t<\/div>\n\t\t\t\t\t<\/div>\n\t\t\t\t<\/div>\n\t\t\t\t\t\t\t<\/div>","protected":false},"excerpt":{"rendered":"<p>COMMUNIQU\u00c9 DE PRESSE Communiqu\u00e9 de presse (AR) Voir le PDF telecharger le PDF Communiqu\u00e9 de presse (FR) Voir le PDF telecharger le PDF<\/p>","protected":false},"author":1,"featured_media":0,"parent":0,"menu_order":0,"comment_status":"closed","ping_status":"closed","template":"","meta":{"_eb_attr":"","footnotes":""},"class_list":["post-2340","page","type-page","status-publish","hentry","entry"],"yoast_head":"<!-- This site is optimized with the Yoast SEO plugin v24.1 - https:\/\/yoast.com\/wordpress\/plugins\/seo\/ -->\n<title>Press compagnie nationale 2022 - Cyberconfiance<\/title>\n<meta name=\"robots\" content=\"index, follow, max-snippet:-1, max-image-preview:large, max-video-preview:-1\" \/>\n<link rel=\"canonical\" href=\"https:\/\/www.cyberconfiance.ma\/ar\/press-compagnie-nationale-2022\/\" \/>\n<meta property=\"og:locale\" content=\"ar_AR\" \/>\n<meta property=\"og:type\" content=\"article\" \/>\n<meta property=\"og:title\" content=\"Press compagnie nationale 2022 - Cyberconfiance\" \/>\n<meta property=\"og:description\" content=\"COMMUNIQU\u00c9 DE PRESSE Communiqu\u00e9 de presse (AR) Voir le PDF telecharger le PDF Communiqu\u00e9 de presse (FR) Voir le PDF telecharger le PDF\" \/>\n<meta property=\"og:url\" content=\"https:\/\/www.cyberconfiance.ma\/ar\/press-compagnie-nationale-2022\/\" \/>\n<meta property=\"og:site_name\" content=\"Cyberconfiance\" \/>\n<meta property=\"article:publisher\" content=\"https:\/\/www.google.com\/url?sa=i&amp;url=httpswww.facebook.comcyberconfiance&amp;psig=AOvVaw3KctkwLod8HoiqC5FTBO-G&amp;ust=1735992076420000&amp;source=images&amp;cd=vfe&amp;opi=89978449&amp;ved=0CAYQrpoMahcKEwig3vXJwNmKAxUAAAAAHQAAAAAQBA\" \/>\n<meta property=\"article:modified_time\" content=\"2023-10-01T17:14:20+00:00\" \/>\n<meta property=\"og:image\" content=\"https:\/\/www.cyberconfiance.ma\/wp-content\/uploads\/2023\/07\/Communique-de-Presse-CMRPI-1.png\" \/>\n<meta name=\"twitter:card\" content=\"summary_large_image\" \/>\n<script type=\"application\/ld+json\" class=\"yoast-schema-graph\">{\"@context\":\"https:\/\/schema.org\",\"@graph\":[{\"@type\":\"WebPage\",\"@id\":\"https:\/\/www.cyberconfiance.ma\/press-compagnie-nationale-2022\/\",\"url\":\"https:\/\/www.cyberconfiance.ma\/press-compagnie-nationale-2022\/\",\"name\":\"Press compagnie nationale 2022 - Cyberconfiance\",\"isPartOf\":{\"@id\":\"https:\/\/www.cyberconfiance.ma\/#website\"},\"primaryImageOfPage\":{\"@id\":\"https:\/\/www.cyberconfiance.ma\/press-compagnie-nationale-2022\/#primaryimage\"},\"image\":{\"@id\":\"https:\/\/www.cyberconfiance.ma\/press-compagnie-nationale-2022\/#primaryimage\"},\"thumbnailUrl\":\"https:\/\/www.cyberconfiance.ma\/wp-content\/uploads\/2023\/07\/Communique-de-Presse-CMRPI-1.png\",\"datePublished\":\"2023-07-26T13:47:02+00:00\",\"dateModified\":\"2023-10-01T17:14:20+00:00\",\"breadcrumb\":{\"@id\":\"https:\/\/www.cyberconfiance.ma\/press-compagnie-nationale-2022\/#breadcrumb\"},\"inLanguage\":\"ar\",\"potentialAction\":[{\"@type\":\"ReadAction\",\"target\":[\"https:\/\/www.cyberconfiance.ma\/press-compagnie-nationale-2022\/\"]}]},{\"@type\":\"ImageObject\",\"inLanguage\":\"ar\",\"@id\":\"https:\/\/www.cyberconfiance.ma\/press-compagnie-nationale-2022\/#primaryimage\",\"url\":\"https:\/\/www.cyberconfiance.ma\/wp-content\/uploads\/2023\/07\/Communique-de-Presse-CMRPI-1.png\",\"contentUrl\":\"https:\/\/www.cyberconfiance.ma\/wp-content\/uploads\/2023\/07\/Communique-de-Presse-CMRPI-1.png\"},{\"@type\":\"BreadcrumbList\",\"@id\":\"https:\/\/www.cyberconfiance.ma\/press-compagnie-nationale-2022\/#breadcrumb\",\"itemListElement\":[{\"@type\":\"ListItem\",\"position\":1,\"name\":\"Accueil\",\"item\":\"https:\/\/www.cyberconfiance.ma\/\"},{\"@type\":\"ListItem\",\"position\":2,\"name\":\"Press compagnie nationale 2022\"}]},{\"@type\":\"WebSite\",\"@id\":\"https:\/\/www.cyberconfiance.ma\/#website\",\"url\":\"https:\/\/www.cyberconfiance.ma\/\",\"name\":\"Cyber-Confiance\",\"description\":\"Protection en ligne\",\"potentialAction\":[{\"@type\":\"SearchAction\",\"target\":{\"@type\":\"EntryPoint\",\"urlTemplate\":\"https:\/\/www.cyberconfiance.ma\/?s={search_term_string}\"},\"query-input\":{\"@type\":\"PropertyValueSpecification\",\"valueRequired\":true,\"valueName\":\"search_term_string\"}}],\"inLanguage\":\"ar\"}]}<\/script>\n<!-- \/ Yoast SEO plugin. -->","yoast_head_json":{"title":"Press compagnie nationale 2022 - Cyberconfiance","robots":{"index":"index","follow":"follow","max-snippet":"max-snippet:-1","max-image-preview":"max-image-preview:large","max-video-preview":"max-video-preview:-1"},"canonical":"https:\/\/www.cyberconfiance.ma\/ar\/press-compagnie-nationale-2022\/","og_locale":"ar_AR","og_type":"article","og_title":"Press compagnie nationale 2022 - Cyberconfiance","og_description":"COMMUNIQU\u00c9 DE PRESSE Communiqu\u00e9 de presse (AR) Voir le PDF telecharger le PDF Communiqu\u00e9 de presse (FR) Voir le PDF telecharger le PDF","og_url":"https:\/\/www.cyberconfiance.ma\/ar\/press-compagnie-nationale-2022\/","og_site_name":"Cyberconfiance","article_publisher":"https:\/\/www.google.com\/url?sa=i&url=httpswww.facebook.comcyberconfiance&psig=AOvVaw3KctkwLod8HoiqC5FTBO-G&ust=1735992076420000&source=images&cd=vfe&opi=89978449&ved=0CAYQrpoMahcKEwig3vXJwNmKAxUAAAAAHQAAAAAQBA","article_modified_time":"2023-10-01T17:14:20+00:00","og_image":[{"url":"https:\/\/www.cyberconfiance.ma\/wp-content\/uploads\/2023\/07\/Communique-de-Presse-CMRPI-1.png","type":"","width":"","height":""}],"twitter_card":"summary_large_image","schema":{"@context":"https:\/\/schema.org","@graph":[{"@type":"WebPage","@id":"https:\/\/www.cyberconfiance.ma\/press-compagnie-nationale-2022\/","url":"https:\/\/www.cyberconfiance.ma\/press-compagnie-nationale-2022\/","name":"Press compagnie nationale 2022 - Cyberconfiance","isPartOf":{"@id":"https:\/\/www.cyberconfiance.ma\/#website"},"primaryImageOfPage":{"@id":"https:\/\/www.cyberconfiance.ma\/press-compagnie-nationale-2022\/#primaryimage"},"image":{"@id":"https:\/\/www.cyberconfiance.ma\/press-compagnie-nationale-2022\/#primaryimage"},"thumbnailUrl":"https:\/\/www.cyberconfiance.ma\/wp-content\/uploads\/2023\/07\/Communique-de-Presse-CMRPI-1.png","datePublished":"2023-07-26T13:47:02+00:00","dateModified":"2023-10-01T17:14:20+00:00","breadcrumb":{"@id":"https:\/\/www.cyberconfiance.ma\/press-compagnie-nationale-2022\/#breadcrumb"},"inLanguage":"ar","potentialAction":[{"@type":"ReadAction","target":["https:\/\/www.cyberconfiance.ma\/press-compagnie-nationale-2022\/"]}]},{"@type":"ImageObject","inLanguage":"ar","@id":"https:\/\/www.cyberconfiance.ma\/press-compagnie-nationale-2022\/#primaryimage","url":"https:\/\/www.cyberconfiance.ma\/wp-content\/uploads\/2023\/07\/Communique-de-Presse-CMRPI-1.png","contentUrl":"https:\/\/www.cyberconfiance.ma\/wp-content\/uploads\/2023\/07\/Communique-de-Presse-CMRPI-1.png"},{"@type":"BreadcrumbList","@id":"https:\/\/www.cyberconfiance.ma\/press-compagnie-nationale-2022\/#breadcrumb","itemListElement":[{"@type":"ListItem","position":1,"name":"Accueil","item":"https:\/\/www.cyberconfiance.ma\/"},{"@type":"ListItem","position":2,"name":"Press compagnie nationale 2022"}]},{"@type":"WebSite","@id":"https:\/\/www.cyberconfiance.ma\/#website","url":"https:\/\/www.cyberconfiance.ma\/","name":"Cyber-Confiance","description":"Protection en ligne","potentialAction":[{"@type":"SearchAction","target":{"@type":"EntryPoint","urlTemplate":"https:\/\/www.cyberconfiance.ma\/?s={search_term_string}"},"query-input":{"@type":"PropertyValueSpecification","valueRequired":true,"valueName":"search_term_string"}}],"inLanguage":"ar"}]}},"_links":{"self":[{"href":"https:\/\/www.cyberconfiance.ma\/ar\/wp-json\/wp\/v2\/pages\/2340","targetHints":{"allow":["GET"]}}],"collection":[{"href":"https:\/\/www.cyberconfiance.ma\/ar\/wp-json\/wp\/v2\/pages"}],"about":[{"href":"https:\/\/www.cyberconfiance.ma\/ar\/wp-json\/wp\/v2\/types\/page"}],"author":[{"embeddable":true,"href":"https:\/\/www.cyberconfiance.ma\/ar\/wp-json\/wp\/v2\/users\/1"}],"replies":[{"embeddable":true,"href":"https:\/\/www.cyberconfiance.ma\/ar\/wp-json\/wp\/v2\/comments?post=2340"}],"version-history":[{"count":16,"href":"https:\/\/www.cyberconfiance.ma\/ar\/wp-json\/wp\/v2\/pages\/2340\/revisions"}],"predecessor-version":[{"id":3002,"href":"https:\/\/www.cyberconfiance.ma\/ar\/wp-json\/wp\/v2\/pages\/2340\/revisions\/3002"}],"wp:attachment":[{"href":"https:\/\/www.cyberconfiance.ma\/ar\/wp-json\/wp\/v2\/media?parent=2340"}],"curies":[{"name":"wp","href":"https:\/\/api.w.org\/{rel}","templated":true}]}}