{"id":2414,"date":"2023-07-26T17:47:21","date_gmt":"2023-07-26T15:47:21","guid":{"rendered":"http:\/\/localhost\/wordpress\/?page_id=2414"},"modified":"2024-12-06T12:31:11","modified_gmt":"2024-12-06T11:31:11","slug":"signalment","status":"publish","type":"page","link":"https:\/\/www.cyberconfiance.ma\/ar\/signalment\/","title":{"rendered":"Signalment"},"content":{"rendered":"<div data-elementor-type=\"wp-page\" data-elementor-id=\"2414\" class=\"elementor elementor-2414\">\n\t\t\t\t\t\t\t<div class=\"elementor-element elementor-element-0c2bb34 e-flex e-con-boxed wpr-particle-no wpr-jarallax-no wpr-parallax-no wpr-sticky-section-no e-con e-parent\" data-id=\"0c2bb34\" data-element_type=\"container\" data-settings=\"{&quot;container_type&quot;:&quot;flex&quot;,&quot;content_width&quot;:&quot;boxed&quot;}\" data-core-v316-plus=\"true\">\n\t\t\t\t\t<div class=\"e-con-inner\">\n\t\t<div class=\"elementor-element elementor-element-ab92b4f e-flex e-con-boxed wpr-particle-no wpr-jarallax-no wpr-parallax-no wpr-sticky-section-no e-con e-child\" data-id=\"ab92b4f\" data-element_type=\"container\" data-settings=\"{&quot;container_type&quot;:&quot;flex&quot;,&quot;content_width&quot;:&quot;boxed&quot;}\">\n\t\t\t\t\t<div class=\"e-con-inner\">\n\t\t\t\t<div class=\"elementor-element elementor-element-8d26485 elementor-widget elementor-widget-heading\" data-id=\"8d26485\" data-element_type=\"widget\" data-widget_type=\"heading.default\">\n\t\t\t\t<div class=\"elementor-widget-container\">\n\t\t\t<style>\/*! elementor - v3.16.0 - 17-10-2023 *\/\n.elementor-heading-title{padding:0;margin:0;line-height:1}.elementor-widget-heading .elementor-heading-title[class*=elementor-size-]>a{color:inherit;font-size:inherit;line-height:inherit}.elementor-widget-heading .elementor-heading-title.elementor-size-small{font-size:15px}.elementor-widget-heading .elementor-heading-title.elementor-size-medium{font-size:19px}.elementor-widget-heading .elementor-heading-title.elementor-size-large{font-size:29px}.elementor-widget-heading .elementor-heading-title.elementor-size-xl{font-size:39px}.elementor-widget-heading .elementor-heading-title.elementor-size-xxl{font-size:59px}<\/style><h4 class=\"elementor-heading-title elementor-size-default\">\u0627\u0644\u0625\u0628\u0644\u0627\u063a \u0639\u0646 \u0627\u0644\u0635\u0648\u0631 \u0648\u0645\u0642\u0627\u0637\u0639 \u0627\u0644\u0641\u064a\u062f\u064a\u0648 \u0644\u0644\u0627\u0639\u062a\u062f\u0627\u0621\u0627\u062a \u0627\u0644\u062c\u0646\u0633\u064a\u0629 \u0636\u062f \u0627\u0644\u0623\u0637\u0641\u0627\u0644<\/h4>\t\t<\/div>\n\t\t\t\t<\/div>\n\t\t\t\t<div class=\"elementor-element elementor-element-f5a2a3a elementor-widget elementor-widget-image\" data-id=\"f5a2a3a\" data-element_type=\"widget\" data-widget_type=\"image.default\">\n\t\t\t\t<div class=\"elementor-widget-container\">\n\t\t\t<style>\/*! elementor - v3.16.0 - 17-10-2023 *\/\n.elementor-widget-image{text-align:center}.elementor-widget-image a{display:inline-block}.elementor-widget-image a img[src$=\".svg\"]{width:48px}.elementor-widget-image img{vertical-align:middle;display:inline-block}<\/style>\t\t\t\t\t\t\t\t\t\t\t\t\t<a href=\"https:\/\/report.iwf.org.uk\/ma\/\" target=\"_blank\">\n\t\t\t\t\t\t\t<img loading=\"lazy\" decoding=\"async\" width=\"1024\" height=\"819\" src=\"https:\/\/www.cyberconfiance.ma\/wp-content\/uploads\/2023\/07\/25.png\" class=\"elementor-animation-grow attachment-large size-large wp-image-2418\" alt=\"\" \/>\t\t\t\t\t\t\t\t<\/a>\n\t\t\t\t\t\t\t\t\t\t\t\t\t\t\t<\/div>\n\t\t\t\t<\/div>\n\t\t\t\t\t<\/div>\n\t\t\t\t<\/div>\n\t\t<div class=\"elementor-element elementor-element-3068b09 e-flex e-con-boxed wpr-particle-no wpr-jarallax-no wpr-parallax-no wpr-sticky-section-no e-con e-child\" data-id=\"3068b09\" data-element_type=\"container\" data-settings=\"{&quot;container_type&quot;:&quot;flex&quot;,&quot;content_width&quot;:&quot;boxed&quot;}\">\n\t\t\t\t\t<div class=\"e-con-inner\">\n\t\t\t\t<div class=\"elementor-element elementor-element-4d0c3b1 elementor-widget elementor-widget-heading\" data-id=\"4d0c3b1\" data-element_type=\"widget\" data-widget_type=\"heading.default\">\n\t\t\t\t<div class=\"elementor-widget-container\">\n\t\t\t<h4 class=\"elementor-heading-title elementor-size-default\">\u0644\u0625\u0628\u0644\u0627\u063a \u0639\u0646 \u0645\u062d\u062a\u0648\u064a\u0627\u062a \u0627\u0644\u062a\u062d\u0631\u0634 \u0627\u0644\u0625\u0644\u0643\u062a\u0631\u0648\u0646\u064a \u0627\u0644\u0645\u0646\u0634\u0648\u0631\u0629 \u0639\u0644\u0649 \u0648\u0633\u0627\u0626\u0644 \u0627\u0644\u062a\u0648\u0627\u0635\u0644 \u0627\u0644\u0627\u062c\u062a\u0645\u0627\u0639\u064a \u0625\u0644\u0649 \u062e\u0637 \u0627\u0644\u0645\u0633\u0627\u0639\u062f\u0629<\/h4>\t\t<\/div>\n\t\t\t\t<\/div>\n\t\t\t\t<div class=\"elementor-element elementor-element-9c2b97c elementor-widget elementor-widget-image\" data-id=\"9c2b97c\" data-element_type=\"widget\" data-widget_type=\"image.default\">\n\t\t\t\t<div class=\"elementor-widget-container\">\n\t\t\t\t\t\t\t\t\t\t\t\t\t\t\t\t<a href=\"https:\/\/evigilance.ma\/ar\" target=\"_blank\">\n\t\t\t\t\t\t\t<img loading=\"lazy\" decoding=\"async\" width=\"819\" height=\"819\" src=\"https:\/\/www.cyberconfiance.ma\/wp-content\/uploads\/2024\/12\/EMC-helpline-arabic.png\" class=\"elementor-animation-grow attachment-large size-large wp-image-5209\" alt=\"\" srcset=\"https:\/\/www.cyberconfiance.ma\/wp-content\/uploads\/2024\/12\/EMC-helpline-arabic.png 500w, https:\/\/www.cyberconfiance.ma\/wp-content\/uploads\/2024\/12\/EMC-helpline-arabic-300x300.png 300w, https:\/\/www.cyberconfiance.ma\/wp-content\/uploads\/2024\/12\/EMC-helpline-arabic-150x150.png 150w, https:\/\/www.cyberconfiance.ma\/wp-content\/uploads\/2024\/12\/EMC-helpline-arabic-12x12.png 12w, https:\/\/www.cyberconfiance.ma\/wp-content\/uploads\/2024\/12\/EMC-helpline-arabic-400x400.png 400w\" sizes=\"auto, (max-width: 819px) 100vw, 819px\" \/>\t\t\t\t\t\t\t\t<\/a>\n\t\t\t\t\t\t\t\t\t\t\t\t\t\t\t<\/div>\n\t\t\t\t<\/div>\n\t\t\t\t\t<\/div>\n\t\t\t\t<\/div>\n\t\t\t\t\t<\/div>\n\t\t\t\t<\/div>\n\t\t\t\t\t\t\t<\/div>","protected":false},"excerpt":{"rendered":"<p>Signaler les images et vid\u00e9os d\u2019abus sexuel \u00e0 l\u2019encontre des enfants. Signaler \u00e0 la ligne d\u2019assistance les contenus de cyberharc\u00e8lement publi\u00e9s sur les r\u00e9seaux sociaux.<\/p>","protected":false},"author":1,"featured_media":0,"parent":0,"menu_order":0,"comment_status":"closed","ping_status":"closed","template":"","meta":{"_eb_attr":"","footnotes":""},"class_list":["post-2414","page","type-page","status-publish","hentry","entry"],"yoast_head":"<!-- This site is optimized with the Yoast SEO plugin v24.1 - https:\/\/yoast.com\/wordpress\/plugins\/seo\/ -->\n<title>Signalment - Cyberconfiance<\/title>\n<meta name=\"robots\" content=\"index, follow, max-snippet:-1, max-image-preview:large, max-video-preview:-1\" \/>\n<link rel=\"canonical\" href=\"https:\/\/www.cyberconfiance.ma\/ar\/signalment\/\" \/>\n<meta property=\"og:locale\" content=\"ar_AR\" \/>\n<meta property=\"og:type\" content=\"article\" \/>\n<meta property=\"og:title\" content=\"Signalment - Cyberconfiance\" \/>\n<meta property=\"og:description\" content=\"Signaler les images et vid\u00e9os d\u2019abus sexuel \u00e0 l\u2019encontre des enfants. Signaler \u00e0 la ligne d\u2019assistance les contenus de cyberharc\u00e8lement publi\u00e9s sur les r\u00e9seaux sociaux.\" \/>\n<meta property=\"og:url\" content=\"https:\/\/www.cyberconfiance.ma\/ar\/signalment\/\" \/>\n<meta property=\"og:site_name\" content=\"Cyberconfiance\" \/>\n<meta property=\"article:publisher\" content=\"https:\/\/www.google.com\/url?sa=i&amp;url=httpswww.facebook.comcyberconfiance&amp;psig=AOvVaw3KctkwLod8HoiqC5FTBO-G&amp;ust=1735992076420000&amp;source=images&amp;cd=vfe&amp;opi=89978449&amp;ved=0CAYQrpoMahcKEwig3vXJwNmKAxUAAAAAHQAAAAAQBA\" \/>\n<meta property=\"article:modified_time\" content=\"2024-12-06T11:31:11+00:00\" \/>\n<meta property=\"og:image\" content=\"https:\/\/www.cyberconfiance.ma\/wp-content\/uploads\/2023\/07\/25.png\" \/>\n\t<meta property=\"og:image:width\" content=\"1024\" \/>\n\t<meta property=\"og:image:height\" content=\"819\" \/>\n\t<meta property=\"og:image:type\" content=\"image\/png\" \/>\n<meta name=\"twitter:card\" content=\"summary_large_image\" \/>\n<script type=\"application\/ld+json\" class=\"yoast-schema-graph\">{\"@context\":\"https:\/\/schema.org\",\"@graph\":[{\"@type\":\"WebPage\",\"@id\":\"https:\/\/www.cyberconfiance.ma\/signalment\/\",\"url\":\"https:\/\/www.cyberconfiance.ma\/signalment\/\",\"name\":\"Signalment - Cyberconfiance\",\"isPartOf\":{\"@id\":\"https:\/\/www.cyberconfiance.ma\/#website\"},\"primaryImageOfPage\":{\"@id\":\"https:\/\/www.cyberconfiance.ma\/signalment\/#primaryimage\"},\"image\":{\"@id\":\"https:\/\/www.cyberconfiance.ma\/signalment\/#primaryimage\"},\"thumbnailUrl\":\"https:\/\/www.cyberconfiance.ma\/wp-content\/uploads\/2023\/07\/25.png\",\"datePublished\":\"2023-07-26T15:47:21+00:00\",\"dateModified\":\"2024-12-06T11:31:11+00:00\",\"breadcrumb\":{\"@id\":\"https:\/\/www.cyberconfiance.ma\/signalment\/#breadcrumb\"},\"inLanguage\":\"ar\",\"potentialAction\":[{\"@type\":\"ReadAction\",\"target\":[\"https:\/\/www.cyberconfiance.ma\/signalment\/\"]}]},{\"@type\":\"ImageObject\",\"inLanguage\":\"ar\",\"@id\":\"https:\/\/www.cyberconfiance.ma\/signalment\/#primaryimage\",\"url\":\"https:\/\/www.cyberconfiance.ma\/wp-content\/uploads\/2023\/07\/25.png\",\"contentUrl\":\"https:\/\/www.cyberconfiance.ma\/wp-content\/uploads\/2023\/07\/25.png\"},{\"@type\":\"BreadcrumbList\",\"@id\":\"https:\/\/www.cyberconfiance.ma\/signalment\/#breadcrumb\",\"itemListElement\":[{\"@type\":\"ListItem\",\"position\":1,\"name\":\"Accueil\",\"item\":\"https:\/\/www.cyberconfiance.ma\/\"},{\"@type\":\"ListItem\",\"position\":2,\"name\":\"Signalment\"}]},{\"@type\":\"WebSite\",\"@id\":\"https:\/\/www.cyberconfiance.ma\/#website\",\"url\":\"https:\/\/www.cyberconfiance.ma\/\",\"name\":\"Cyber-Confiance\",\"description\":\"Protection en ligne\",\"potentialAction\":[{\"@type\":\"SearchAction\",\"target\":{\"@type\":\"EntryPoint\",\"urlTemplate\":\"https:\/\/www.cyberconfiance.ma\/?s={search_term_string}\"},\"query-input\":{\"@type\":\"PropertyValueSpecification\",\"valueRequired\":true,\"valueName\":\"search_term_string\"}}],\"inLanguage\":\"ar\"}]}<\/script>\n<!-- \/ Yoast SEO plugin. -->","yoast_head_json":{"title":"Signalment - Cyberconfiance","robots":{"index":"index","follow":"follow","max-snippet":"max-snippet:-1","max-image-preview":"max-image-preview:large","max-video-preview":"max-video-preview:-1"},"canonical":"https:\/\/www.cyberconfiance.ma\/ar\/signalment\/","og_locale":"ar_AR","og_type":"article","og_title":"Signalment - Cyberconfiance","og_description":"Signaler les images et vid\u00e9os d\u2019abus sexuel \u00e0 l\u2019encontre des enfants. Signaler \u00e0 la ligne d\u2019assistance les contenus de cyberharc\u00e8lement publi\u00e9s sur les r\u00e9seaux sociaux.","og_url":"https:\/\/www.cyberconfiance.ma\/ar\/signalment\/","og_site_name":"Cyberconfiance","article_publisher":"https:\/\/www.google.com\/url?sa=i&url=httpswww.facebook.comcyberconfiance&psig=AOvVaw3KctkwLod8HoiqC5FTBO-G&ust=1735992076420000&source=images&cd=vfe&opi=89978449&ved=0CAYQrpoMahcKEwig3vXJwNmKAxUAAAAAHQAAAAAQBA","article_modified_time":"2024-12-06T11:31:11+00:00","og_image":[{"url":"https:\/\/www.cyberconfiance.ma\/wp-content\/uploads\/2023\/07\/25.png","width":1024,"height":819,"type":"image\/png"}],"twitter_card":"summary_large_image","schema":{"@context":"https:\/\/schema.org","@graph":[{"@type":"WebPage","@id":"https:\/\/www.cyberconfiance.ma\/signalment\/","url":"https:\/\/www.cyberconfiance.ma\/signalment\/","name":"Signalment - Cyberconfiance","isPartOf":{"@id":"https:\/\/www.cyberconfiance.ma\/#website"},"primaryImageOfPage":{"@id":"https:\/\/www.cyberconfiance.ma\/signalment\/#primaryimage"},"image":{"@id":"https:\/\/www.cyberconfiance.ma\/signalment\/#primaryimage"},"thumbnailUrl":"https:\/\/www.cyberconfiance.ma\/wp-content\/uploads\/2023\/07\/25.png","datePublished":"2023-07-26T15:47:21+00:00","dateModified":"2024-12-06T11:31:11+00:00","breadcrumb":{"@id":"https:\/\/www.cyberconfiance.ma\/signalment\/#breadcrumb"},"inLanguage":"ar","potentialAction":[{"@type":"ReadAction","target":["https:\/\/www.cyberconfiance.ma\/signalment\/"]}]},{"@type":"ImageObject","inLanguage":"ar","@id":"https:\/\/www.cyberconfiance.ma\/signalment\/#primaryimage","url":"https:\/\/www.cyberconfiance.ma\/wp-content\/uploads\/2023\/07\/25.png","contentUrl":"https:\/\/www.cyberconfiance.ma\/wp-content\/uploads\/2023\/07\/25.png"},{"@type":"BreadcrumbList","@id":"https:\/\/www.cyberconfiance.ma\/signalment\/#breadcrumb","itemListElement":[{"@type":"ListItem","position":1,"name":"Accueil","item":"https:\/\/www.cyberconfiance.ma\/"},{"@type":"ListItem","position":2,"name":"Signalment"}]},{"@type":"WebSite","@id":"https:\/\/www.cyberconfiance.ma\/#website","url":"https:\/\/www.cyberconfiance.ma\/","name":"Cyber-Confiance","description":"Protection en ligne","potentialAction":[{"@type":"SearchAction","target":{"@type":"EntryPoint","urlTemplate":"https:\/\/www.cyberconfiance.ma\/?s={search_term_string}"},"query-input":{"@type":"PropertyValueSpecification","valueRequired":true,"valueName":"search_term_string"}}],"inLanguage":"ar"}]}},"_links":{"self":[{"href":"https:\/\/www.cyberconfiance.ma\/ar\/wp-json\/wp\/v2\/pages\/2414","targetHints":{"allow":["GET"]}}],"collection":[{"href":"https:\/\/www.cyberconfiance.ma\/ar\/wp-json\/wp\/v2\/pages"}],"about":[{"href":"https:\/\/www.cyberconfiance.ma\/ar\/wp-json\/wp\/v2\/types\/page"}],"author":[{"embeddable":true,"href":"https:\/\/www.cyberconfiance.ma\/ar\/wp-json\/wp\/v2\/users\/1"}],"replies":[{"embeddable":true,"href":"https:\/\/www.cyberconfiance.ma\/ar\/wp-json\/wp\/v2\/comments?post=2414"}],"version-history":[{"count":37,"href":"https:\/\/www.cyberconfiance.ma\/ar\/wp-json\/wp\/v2\/pages\/2414\/revisions"}],"predecessor-version":[{"id":5215,"href":"https:\/\/www.cyberconfiance.ma\/ar\/wp-json\/wp\/v2\/pages\/2414\/revisions\/5215"}],"wp:attachment":[{"href":"https:\/\/www.cyberconfiance.ma\/ar\/wp-json\/wp\/v2\/media?parent=2414"}],"curies":[{"name":"wp","href":"https:\/\/api.w.org\/{rel}","templated":true}]}}