{"id":5803,"date":"2025-11-11T20:06:56","date_gmt":"2025-11-11T19:06:56","guid":{"rendered":"https:\/\/www.cyberconfiance.ma\/?page_id=5803"},"modified":"2025-12-02T21:51:16","modified_gmt":"2025-12-02T20:51:16","slug":"concoursw25","status":"publish","type":"page","link":"https:\/\/www.cyberconfiance.ma\/ar\/concoursw25\/","title":{"rendered":"concoursw25"},"content":{"rendered":"<h1>Concours de cr\u00e9ativit\u00e9<\/h1>\n<p><img loading=\"lazy\" decoding=\"async\" src=\"https:\/\/www.cyberconfiance.ma\/wp-content\/uploads\/2025\/11\/Design-sans-titre-8-removebg-preview.png\" sizes=\"auto, (max-width: 288px) 100vw, 288px\" srcset=\"https:\/\/www.cyberconfiance.ma\/wp-content\/uploads\/2025\/11\/Design-sans-titre-8-removebg-preview.png 288w, https:\/\/www.cyberconfiance.ma\/wp-content\/uploads\/2025\/11\/Design-sans-titre-8-removebg-preview-150x150.png 150w, https:\/\/www.cyberconfiance.ma\/wp-content\/uploads\/2025\/11\/Design-sans-titre-8-removebg-preview-12x12.png 12w\" alt=\"\" width=\"288\" height=\"288\" \/><\/p>\n<h4>R\u00e9sultat<\/h4>\n<p>F\u00e9licitions aux deux gagnantes :<\/p>\n<ul>\n<li><strong>Premier prix: Mme Ilham Benali<\/strong><\/li>\n<li><strong>Deuxi\u00e8me prix: Mme Houda Aarab<\/strong><\/li>\n<\/ul>\n<h4>Propose ton id\u00e9e<\/h4>\n<p>Propose un jeu de cartes, un outil, une affiche, une vid\u00e9o, ou un concept d\u2019atelier, ou autres pour contribuer \u00e0 la sensibilisation, la protection et le soutien des jeunes filles ou des femmes en ligne!<\/p>\n<h4>Propose ta solution contre les cyberviolences \u00e0 l&#8217;encontre des femmes et jeunes filles<\/h4>\n<ul>\n<li>Internet peut un espace incroyable (moyen pour discuter, partager, cr\u00e9er\u2026), mais parfois, il devient un lieu de harc\u00e8lement, chantage, vol de compte, grooming ou diffamation, etc.<\/li>\n<li>Nous voulons entendre ta solution pour aider les femmes et les jeunes filles \u00e0 faire face aux cyberviolences et au cyberharc\u00e8lement.<\/li>\n<li>Que tu sois cr\u00e9ative, tech ou passionn\u00e9e par la bonne cause.<\/li>\n<\/ul>\n<p>\u00e0 gagner<\/p>\n<ul>\n<li>1er Prix: Un ordinateur portable.<\/li>\n<li>Publication des meilleurs projets sur nos plateformes (\u00e0 l&#8217;occasion de Safer Internet Day, f\u00e9vrier 2026)<\/li>\n<li>Participation \u00e0 une activit\u00e9 de la 5\u00e8me \u00e9dition de la campagne nationale de pr\u00e9vention contre la cyberviolence et le cyberharc\u00e8lement<\/li>\n<\/ul>\n<h4>comment participer<\/h4>\n<p>T\u00e9l\u00e9charger la fiche de participation <a style=\"font-variant-ligatures: normal; font-variant-caps: normal; font-family: 'Concert One', sans-serif; font-size: 17px; font-style: normal; font-weight: 500; background-color: #d5e3ff; color: #13aff0; transition-property: all;\" href=\"https:\/\/www.cyberconfiance.ma\/wp-content\/uploads\/2025\/11\/Fiche-de-participation-concours-EMC-women.docx\">T\u00e9l\u00e9charger<\/a><\/p>\n<ul>\n<li>R\u00e9dige ton id\u00e9e + comment elle aide les femmes et les jeunes filles<\/li>\n<li>Envoie tes cr\u00e9ations \u00e0 concours.women@cyberconfiance.ma<\/li>\n<li>Format Word \/ PPT\/ PDF \u2014 vid\u00e9o, image, dessin, etc.<\/li>\n<li>Pas de contenu offensant ou soumis aux droits d\u2019auteur<\/li>\n<\/ul>\n<p>\u00a0(Plusieurs choix de langues pour le contenu : arabe, amazigh, fran\u00e7ais, espagnol ou anglais).<\/p>\n<p>date \u00e0 retenir<\/p>\n<ul>\n<li>Envois des projets: jusqu\u2019au 26 novembre 2025 (23h59)<\/li>\n<li>R\u00e9sultats : 02 d\u00e9cembre 2025 (site web &amp; r\u00e9seaux sociaux)<\/li>\n<\/ul>\n<h4>Ensemble, faisons d&#8217;Internet un espace plus s\u00fbr pour toutes!<\/h4>\n<figure><a href=\"https:\/\/www.cyberconfiance.ma\/wp-content\/uploads\/2025\/11\/WhatsApp-Image-2025-11-11-at-21.16.04.jpeg\" data-elementor-open-lightbox=\"yes\" data-elementor-lightbox-title=\"WhatsApp Image 2025-11-11 at 21.16.04\" data-e-action-hash=\"#elementor-action%3Aaction%3Dlightbox%26settings%3DeyJpZCI6NTg3NywidXJsIjoiaHR0cHM6XC9cL3d3dy5jeWJlcmNvbmZpYW5jZS5tYVwvd3AtY29udGVudFwvdXBsb2Fkc1wvMjAyNVwvMTFcL1doYXRzQXBwLUltYWdlLTIwMjUtMTEtMTEtYXQtMjEuMTYuMDQuanBlZyJ9\"><br \/><img loading=\"lazy\" decoding=\"async\" src=\"https:\/\/www.cyberconfiance.ma\/wp-content\/uploads\/2025\/11\/WhatsApp-Image-2025-11-11-at-21.16.04-819x1024.jpeg\" sizes=\"auto, (max-width: 819px) 100vw, 819px\" srcset=\"https:\/\/www.cyberconfiance.ma\/wp-content\/uploads\/2025\/11\/WhatsApp-Image-2025-11-11-at-21.16.04-819x1024.jpeg 819w, https:\/\/www.cyberconfiance.ma\/wp-content\/uploads\/2025\/11\/WhatsApp-Image-2025-11-11-at-21.16.04-240x300.jpeg 240w, https:\/\/www.cyberconfiance.ma\/wp-content\/uploads\/2025\/11\/WhatsApp-Image-2025-11-11-at-21.16.04-768x960.jpeg 768w, https:\/\/www.cyberconfiance.ma\/wp-content\/uploads\/2025\/11\/WhatsApp-Image-2025-11-11-at-21.16.04-10x12.jpeg 10w, https:\/\/www.cyberconfiance.ma\/wp-content\/uploads\/2025\/11\/WhatsApp-Image-2025-11-11-at-21.16.04.jpeg 1080w\" alt=\"\" width=\"819\" height=\"1024\" \/> <\/a>\n<figcaption><\/figcaption>\n<\/figure>\n<figure><a href=\"https:\/\/www.cyberconfiance.ma\/wp-content\/uploads\/2025\/11\/WhatsApp-Image-2025-11-11-at-21.16.10.jpeg\" data-elementor-open-lightbox=\"yes\" data-elementor-lightbox-title=\"WhatsApp Image 2025-11-11 at 21.16.10\" data-e-action-hash=\"#elementor-action%3Aaction%3Dlightbox%26settings%3DeyJpZCI6NTg3OCwidXJsIjoiaHR0cHM6XC9cL3d3dy5jeWJlcmNvbmZpYW5jZS5tYVwvd3AtY29udGVudFwvdXBsb2Fkc1wvMjAyNVwvMTFcL1doYXRzQXBwLUltYWdlLTIwMjUtMTEtMTEtYXQtMjEuMTYuMTAuanBlZyJ9\"><br \/><img loading=\"lazy\" decoding=\"async\" src=\"https:\/\/www.cyberconfiance.ma\/wp-content\/uploads\/2025\/11\/WhatsApp-Image-2025-11-11-at-21.16.10-819x1024.jpeg\" sizes=\"auto, (max-width: 819px) 100vw, 819px\" srcset=\"https:\/\/www.cyberconfiance.ma\/wp-content\/uploads\/2025\/11\/WhatsApp-Image-2025-11-11-at-21.16.10-819x1024.jpeg 819w, https:\/\/www.cyberconfiance.ma\/wp-content\/uploads\/2025\/11\/WhatsApp-Image-2025-11-11-at-21.16.10-240x300.jpeg 240w, https:\/\/www.cyberconfiance.ma\/wp-content\/uploads\/2025\/11\/WhatsApp-Image-2025-11-11-at-21.16.10-768x960.jpeg 768w, https:\/\/www.cyberconfiance.ma\/wp-content\/uploads\/2025\/11\/WhatsApp-Image-2025-11-11-at-21.16.10-10x12.jpeg 10w, https:\/\/www.cyberconfiance.ma\/wp-content\/uploads\/2025\/11\/WhatsApp-Image-2025-11-11-at-21.16.10.jpeg 1080w\" alt=\"\" width=\"819\" height=\"1024\" \/> <\/a>\n<figcaption><\/figcaption>\n<\/figure>\n\n\n<p><\/p>","protected":false},"excerpt":{"rendered":"<p>Concours de cr\u00e9ativit\u00e9 R\u00e9sultat F\u00e9licitions aux deux gagnantes : Premier prix: Mme Ilham Benali Deuxi\u00e8me prix: Mme Houda Aarab Propose ton id\u00e9e Propose un jeu de cartes, un outil, une affiche, une vid\u00e9o, ou un concept d\u2019atelier, ou autres pour contribuer \u00e0 la sensibilisation, la protection et le soutien des jeunes filles ou des femmes [&hellip;]<\/p>","protected":false},"author":1,"featured_media":0,"parent":0,"menu_order":0,"comment_status":"closed","ping_status":"closed","template":"","meta":{"_eb_attr":"","footnotes":""},"class_list":["post-5803","page","type-page","status-publish","hentry","entry"],"yoast_head":"<!-- This site is optimized with the Yoast SEO plugin v24.1 - https:\/\/yoast.com\/wordpress\/plugins\/seo\/ -->\n<title>concoursw25 - Cyberconfiance<\/title>\n<meta name=\"robots\" content=\"index, follow, max-snippet:-1, max-image-preview:large, max-video-preview:-1\" \/>\n<link rel=\"canonical\" href=\"https:\/\/www.cyberconfiance.ma\/ar\/concoursw25\/\" \/>\n<meta property=\"og:locale\" content=\"ar_AR\" \/>\n<meta property=\"og:type\" content=\"article\" \/>\n<meta property=\"og:title\" content=\"concoursw25 - Cyberconfiance\" \/>\n<meta property=\"og:description\" content=\"Concours de cr\u00e9ativit\u00e9 R\u00e9sultat F\u00e9licitions aux deux gagnantes : Premier prix: Mme Ilham Benali Deuxi\u00e8me prix: Mme Houda Aarab Propose ton id\u00e9e Propose un jeu de cartes, un outil, une affiche, une vid\u00e9o, ou un concept d\u2019atelier, ou autres pour contribuer \u00e0 la sensibilisation, la protection et le soutien des jeunes filles ou des femmes [&hellip;]\" \/>\n<meta property=\"og:url\" content=\"https:\/\/www.cyberconfiance.ma\/ar\/concoursw25\/\" \/>\n<meta property=\"og:site_name\" content=\"Cyberconfiance\" \/>\n<meta property=\"article:publisher\" content=\"https:\/\/www.google.com\/url?sa=i&amp;url=httpswww.facebook.comcyberconfiance&amp;psig=AOvVaw3KctkwLod8HoiqC5FTBO-G&amp;ust=1735992076420000&amp;source=images&amp;cd=vfe&amp;opi=89978449&amp;ved=0CAYQrpoMahcKEwig3vXJwNmKAxUAAAAAHQAAAAAQBA\" \/>\n<meta property=\"article:modified_time\" content=\"2025-12-02T20:51:16+00:00\" \/>\n<meta property=\"og:image\" content=\"https:\/\/www.cyberconfiance.ma\/wp-content\/uploads\/2025\/11\/Design-sans-titre-8-removebg-preview.png\" \/>\n<meta name=\"twitter:card\" content=\"summary_large_image\" \/>\n<meta name=\"twitter:label1\" content=\"\u0648\u0642\u062a \u0627\u0644\u0642\u0631\u0627\u0621\u0629 \u0627\u0644\u0645\u064f\u0642\u062f\u0651\u0631\" \/>\n\t<meta name=\"twitter:data1\" content=\"\u062f\u0642\u064a\u0642\u062a\u0627\u0646\" \/>\n<script type=\"application\/ld+json\" class=\"yoast-schema-graph\">{\"@context\":\"https:\/\/schema.org\",\"@graph\":[{\"@type\":\"WebPage\",\"@id\":\"https:\/\/www.cyberconfiance.ma\/concoursw25\/\",\"url\":\"https:\/\/www.cyberconfiance.ma\/concoursw25\/\",\"name\":\"concoursw25 - Cyberconfiance\",\"isPartOf\":{\"@id\":\"https:\/\/www.cyberconfiance.ma\/#website\"},\"primaryImageOfPage\":{\"@id\":\"https:\/\/www.cyberconfiance.ma\/concoursw25\/#primaryimage\"},\"image\":{\"@id\":\"https:\/\/www.cyberconfiance.ma\/concoursw25\/#primaryimage\"},\"thumbnailUrl\":\"https:\/\/www.cyberconfiance.ma\/wp-content\/uploads\/2025\/11\/Design-sans-titre-8-removebg-preview.png\",\"datePublished\":\"2025-11-11T19:06:56+00:00\",\"dateModified\":\"2025-12-02T20:51:16+00:00\",\"breadcrumb\":{\"@id\":\"https:\/\/www.cyberconfiance.ma\/concoursw25\/#breadcrumb\"},\"inLanguage\":\"ar\",\"potentialAction\":[{\"@type\":\"ReadAction\",\"target\":[\"https:\/\/www.cyberconfiance.ma\/concoursw25\/\"]}]},{\"@type\":\"ImageObject\",\"inLanguage\":\"ar\",\"@id\":\"https:\/\/www.cyberconfiance.ma\/concoursw25\/#primaryimage\",\"url\":\"https:\/\/www.cyberconfiance.ma\/wp-content\/uploads\/2025\/11\/Design-sans-titre-8-removebg-preview.png\",\"contentUrl\":\"https:\/\/www.cyberconfiance.ma\/wp-content\/uploads\/2025\/11\/Design-sans-titre-8-removebg-preview.png\"},{\"@type\":\"BreadcrumbList\",\"@id\":\"https:\/\/www.cyberconfiance.ma\/concoursw25\/#breadcrumb\",\"itemListElement\":[{\"@type\":\"ListItem\",\"position\":1,\"name\":\"Accueil\",\"item\":\"https:\/\/www.cyberconfiance.ma\/\"},{\"@type\":\"ListItem\",\"position\":2,\"name\":\"concoursw25\"}]},{\"@type\":\"WebSite\",\"@id\":\"https:\/\/www.cyberconfiance.ma\/#website\",\"url\":\"https:\/\/www.cyberconfiance.ma\/\",\"name\":\"Cyber-Confiance\",\"description\":\"Protection en ligne\",\"potentialAction\":[{\"@type\":\"SearchAction\",\"target\":{\"@type\":\"EntryPoint\",\"urlTemplate\":\"https:\/\/www.cyberconfiance.ma\/?s={search_term_string}\"},\"query-input\":{\"@type\":\"PropertyValueSpecification\",\"valueRequired\":true,\"valueName\":\"search_term_string\"}}],\"inLanguage\":\"ar\"}]}<\/script>\n<!-- \/ Yoast SEO plugin. -->","yoast_head_json":{"title":"concoursw25 - Cyberconfiance","robots":{"index":"index","follow":"follow","max-snippet":"max-snippet:-1","max-image-preview":"max-image-preview:large","max-video-preview":"max-video-preview:-1"},"canonical":"https:\/\/www.cyberconfiance.ma\/ar\/concoursw25\/","og_locale":"ar_AR","og_type":"article","og_title":"concoursw25 - Cyberconfiance","og_description":"Concours de cr\u00e9ativit\u00e9 R\u00e9sultat F\u00e9licitions aux deux gagnantes : Premier prix: Mme Ilham Benali Deuxi\u00e8me prix: Mme Houda Aarab Propose ton id\u00e9e Propose un jeu de cartes, un outil, une affiche, une vid\u00e9o, ou un concept d\u2019atelier, ou autres pour contribuer \u00e0 la sensibilisation, la protection et le soutien des jeunes filles ou des femmes [&hellip;]","og_url":"https:\/\/www.cyberconfiance.ma\/ar\/concoursw25\/","og_site_name":"Cyberconfiance","article_publisher":"https:\/\/www.google.com\/url?sa=i&url=httpswww.facebook.comcyberconfiance&psig=AOvVaw3KctkwLod8HoiqC5FTBO-G&ust=1735992076420000&source=images&cd=vfe&opi=89978449&ved=0CAYQrpoMahcKEwig3vXJwNmKAxUAAAAAHQAAAAAQBA","article_modified_time":"2025-12-02T20:51:16+00:00","og_image":[{"url":"https:\/\/www.cyberconfiance.ma\/wp-content\/uploads\/2025\/11\/Design-sans-titre-8-removebg-preview.png","type":"","width":"","height":""}],"twitter_card":"summary_large_image","twitter_misc":{"\u0648\u0642\u062a \u0627\u0644\u0642\u0631\u0627\u0621\u0629 \u0627\u0644\u0645\u064f\u0642\u062f\u0651\u0631":"\u062f\u0642\u064a\u0642\u062a\u0627\u0646"},"schema":{"@context":"https:\/\/schema.org","@graph":[{"@type":"WebPage","@id":"https:\/\/www.cyberconfiance.ma\/concoursw25\/","url":"https:\/\/www.cyberconfiance.ma\/concoursw25\/","name":"concoursw25 - Cyberconfiance","isPartOf":{"@id":"https:\/\/www.cyberconfiance.ma\/#website"},"primaryImageOfPage":{"@id":"https:\/\/www.cyberconfiance.ma\/concoursw25\/#primaryimage"},"image":{"@id":"https:\/\/www.cyberconfiance.ma\/concoursw25\/#primaryimage"},"thumbnailUrl":"https:\/\/www.cyberconfiance.ma\/wp-content\/uploads\/2025\/11\/Design-sans-titre-8-removebg-preview.png","datePublished":"2025-11-11T19:06:56+00:00","dateModified":"2025-12-02T20:51:16+00:00","breadcrumb":{"@id":"https:\/\/www.cyberconfiance.ma\/concoursw25\/#breadcrumb"},"inLanguage":"ar","potentialAction":[{"@type":"ReadAction","target":["https:\/\/www.cyberconfiance.ma\/concoursw25\/"]}]},{"@type":"ImageObject","inLanguage":"ar","@id":"https:\/\/www.cyberconfiance.ma\/concoursw25\/#primaryimage","url":"https:\/\/www.cyberconfiance.ma\/wp-content\/uploads\/2025\/11\/Design-sans-titre-8-removebg-preview.png","contentUrl":"https:\/\/www.cyberconfiance.ma\/wp-content\/uploads\/2025\/11\/Design-sans-titre-8-removebg-preview.png"},{"@type":"BreadcrumbList","@id":"https:\/\/www.cyberconfiance.ma\/concoursw25\/#breadcrumb","itemListElement":[{"@type":"ListItem","position":1,"name":"Accueil","item":"https:\/\/www.cyberconfiance.ma\/"},{"@type":"ListItem","position":2,"name":"concoursw25"}]},{"@type":"WebSite","@id":"https:\/\/www.cyberconfiance.ma\/#website","url":"https:\/\/www.cyberconfiance.ma\/","name":"Cyber-Confiance","description":"Protection en ligne","potentialAction":[{"@type":"SearchAction","target":{"@type":"EntryPoint","urlTemplate":"https:\/\/www.cyberconfiance.ma\/?s={search_term_string}"},"query-input":{"@type":"PropertyValueSpecification","valueRequired":true,"valueName":"search_term_string"}}],"inLanguage":"ar"}]}},"_links":{"self":[{"href":"https:\/\/www.cyberconfiance.ma\/ar\/wp-json\/wp\/v2\/pages\/5803","targetHints":{"allow":["GET"]}}],"collection":[{"href":"https:\/\/www.cyberconfiance.ma\/ar\/wp-json\/wp\/v2\/pages"}],"about":[{"href":"https:\/\/www.cyberconfiance.ma\/ar\/wp-json\/wp\/v2\/types\/page"}],"author":[{"embeddable":true,"href":"https:\/\/www.cyberconfiance.ma\/ar\/wp-json\/wp\/v2\/users\/1"}],"replies":[{"embeddable":true,"href":"https:\/\/www.cyberconfiance.ma\/ar\/wp-json\/wp\/v2\/comments?post=5803"}],"version-history":[{"count":88,"href":"https:\/\/www.cyberconfiance.ma\/ar\/wp-json\/wp\/v2\/pages\/5803\/revisions"}],"predecessor-version":[{"id":6088,"href":"https:\/\/www.cyberconfiance.ma\/ar\/wp-json\/wp\/v2\/pages\/5803\/revisions\/6088"}],"wp:attachment":[{"href":"https:\/\/www.cyberconfiance.ma\/ar\/wp-json\/wp\/v2\/media?parent=5803"}],"curies":[{"name":"wp","href":"https:\/\/api.w.org\/{rel}","templated":true}]}}