{"id":5944,"date":"2025-11-15T08:05:51","date_gmt":"2025-11-15T07:05:51","guid":{"rendered":"https:\/\/www.cyberconfiance.ma\/?page_id=5944"},"modified":"2025-11-16T11:15:36","modified_gmt":"2025-11-16T10:15:36","slug":"formulaire-inscription-mun","status":"publish","type":"page","link":"https:\/\/www.cyberconfiance.ma\/ar\/formulaire-inscription-mun\/","title":{"rendered":"Formulaire Inscription MUN"},"content":{"rendered":"<div data-elementor-type=\"wp-page\" data-elementor-id=\"5944\" class=\"elementor elementor-5944\">\n\t\t\t\t\t\t\t<div class=\"elementor-element elementor-element-30164bd e-grid e-con-full wpr-particle-no wpr-jarallax-no wpr-parallax-no wpr-sticky-section-no e-con e-parent\" data-id=\"30164bd\" data-element_type=\"container\" data-settings=\"{&quot;container_type&quot;:&quot;grid&quot;,&quot;content_width&quot;:&quot;full&quot;,&quot;grid_columns_grid&quot;:{&quot;unit&quot;:&quot;fr&quot;,&quot;size&quot;:1,&quot;sizes&quot;:[]},&quot;grid_outline&quot;:&quot;yes&quot;,&quot;grid_columns_grid_tablet&quot;:{&quot;unit&quot;:&quot;fr&quot;,&quot;size&quot;:&quot;&quot;,&quot;sizes&quot;:[]},&quot;grid_columns_grid_mobile&quot;:{&quot;unit&quot;:&quot;fr&quot;,&quot;size&quot;:1,&quot;sizes&quot;:[]},&quot;grid_rows_grid&quot;:{&quot;unit&quot;:&quot;fr&quot;,&quot;size&quot;:2,&quot;sizes&quot;:[]},&quot;grid_rows_grid_tablet&quot;:{&quot;unit&quot;:&quot;fr&quot;,&quot;size&quot;:&quot;&quot;,&quot;sizes&quot;:[]},&quot;grid_rows_grid_mobile&quot;:{&quot;unit&quot;:&quot;fr&quot;,&quot;size&quot;:&quot;&quot;,&quot;sizes&quot;:[]},&quot;grid_auto_flow&quot;:&quot;row&quot;,&quot;grid_auto_flow_tablet&quot;:&quot;row&quot;,&quot;grid_auto_flow_mobile&quot;:&quot;row&quot;}\" data-core-v316-plus=\"true\">\n\t\t<div class=\"elementor-element elementor-element-322c5c3 e-con-full e-flex wpr-particle-no wpr-jarallax-no wpr-parallax-no wpr-sticky-section-no e-con e-child\" data-id=\"322c5c3\" data-element_type=\"container\" data-settings=\"{&quot;content_width&quot;:&quot;full&quot;,&quot;background_background&quot;:&quot;classic&quot;,&quot;container_type&quot;:&quot;flex&quot;}\">\n\t\t\t\t<div class=\"elementor-element elementor-element-60d8f85 elementor-widget elementor-widget-heading\" data-id=\"60d8f85\" data-element_type=\"widget\" data-widget_type=\"heading.default\">\n\t\t\t\t<div class=\"elementor-widget-container\">\n\t\t\t<style>\/*! elementor - v3.16.0 - 17-10-2023 *\/\n.elementor-heading-title{padding:0;margin:0;line-height:1}.elementor-widget-heading .elementor-heading-title[class*=elementor-size-]>a{color:inherit;font-size:inherit;line-height:inherit}.elementor-widget-heading .elementor-heading-title.elementor-size-small{font-size:15px}.elementor-widget-heading .elementor-heading-title.elementor-size-medium{font-size:19px}.elementor-widget-heading .elementor-heading-title.elementor-size-large{font-size:29px}.elementor-widget-heading .elementor-heading-title.elementor-size-xl{font-size:39px}.elementor-widget-heading .elementor-heading-title.elementor-size-xxl{font-size:59px}<\/style><h2 class=\"elementor-heading-title elementor-size-default\">Formulaire d'inscription<\/h2>\t\t<\/div>\n\t\t\t\t<\/div>\n\t\t\t\t<div class=\"elementor-element elementor-element-fc0a1ec elementor-widget elementor-widget-shortcode\" data-id=\"fc0a1ec\" data-element_type=\"widget\" data-widget_type=\"shortcode.default\">\n\t\t\t\t<div class=\"elementor-widget-container\">\n\t\t\t\t\t<div class=\"elementor-shortcode\">\n<div class=\"wpcf7 no-js\" id=\"wpcf7-f5943-o1\" lang=\"fr-FR\" dir=\"ltr\">\n<div class=\"screen-reader-response\"><p role=\"status\" aria-live=\"polite\" aria-atomic=\"true\"><\/p> <ul><\/ul><\/div>\n<form action=\"\/ar\/wp-json\/wp\/v2\/pages\/5944#wpcf7-f5943-o1\" method=\"post\" class=\"wpcf7-form init\" aria-label=\"Formulaire de contact\" enctype=\"multipart\/form-data\" novalidate=\"novalidate\" data-status=\"init\" data-trp-original-action=\"\/ar\/wp-json\/wp\/v2\/pages\/5944#wpcf7-f5943-o1\">\n<div style=\"display: none;\">\n<input type=\"hidden\" name=\"_wpcf7\" value=\"5943\" \/>\n<input type=\"hidden\" name=\"_wpcf7_version\" value=\"5.9.3\" \/>\n<input type=\"hidden\" name=\"_wpcf7_locale\" value=\"fr_FR\" \/>\n<input type=\"hidden\" name=\"_wpcf7_unit_tag\" value=\"wpcf7-f5943-o1\" \/>\n<input type=\"hidden\" name=\"_wpcf7_container_post\" value=\"0\" \/>\n<input type=\"hidden\" name=\"_wpcf7_posted_data_hash\" value=\"\" \/>\n<\/div>\n<fieldset>\n\t<legend style=\" font-weight: bold; font-size: 25px;\">Informations personnelles\n\t<\/legend>\n\t<p><label> Nom & Pr\u00e9nom<br \/>\n<span class=\"wpcf7-form-control-wrap\" data-name=\"your-name\"><input size=\"40\" class=\"wpcf7-form-control wpcf7-text wpcf7-validates-as-required\" autocomplete=\"name\" aria-required=\"true\" aria-invalid=\"false\" value=\"\" type=\"text\" name=\"your-name\" \/><\/span> <\/label>\n\t<\/p>\n\t<p><label> Date de naissance<br \/>\n<span class=\"wpcf7-form-control-wrap\" data-name=\"date-579\"><input class=\"wpcf7-form-control wpcf7-date wpcf7-validates-as-required wpcf7-validates-as-date\" aria-required=\"true\" aria-invalid=\"false\" value=\"\" type=\"date\" name=\"date-579\" \/><\/span> <\/label>\n\t<\/p>\n\t<p><label> Genre<br \/>\n<span class=\"wpcf7-form-control-wrap\" data-name=\"Genre\"><span class=\"wpcf7-form-control wpcf7-radio\"><span class=\"wpcf7-list-item first\"><label><input type=\"radio\" name=\"Genre\" value=\"Masculin\" checked=\"checked\" \/><span class=\"wpcf7-list-item-label\">Masculin<\/span><\/label><\/span><span class=\"wpcf7-list-item last\"><label><input type=\"radio\" name=\"Genre\" value=\"F\u00e9minin\" \/><span class=\"wpcf7-list-item-label\">F\u00e9minin<\/span><\/label><\/span><\/span><\/span> <\/label>\n\t<\/p>\n\t<p><label> Adresse E-mail<br \/>\n<span class=\"wpcf7-form-control-wrap\" data-name=\"your-email\"><input size=\"40\" class=\"wpcf7-form-control wpcf7-email wpcf7-validates-as-required wpcf7-text wpcf7-validates-as-email\" autocomplete=\"email\" aria-required=\"true\" aria-invalid=\"false\" value=\"\" type=\"email\" name=\"your-email\" \/><\/span> <\/label>\n\t<\/p>\n\t<p><label> T\u00e9l\u00e9phone<br \/>\n<span class=\"wpcf7-form-control-wrap\" data-name=\"Numrodetlphone\"><input size=\"40\" class=\"wpcf7-form-control wpcf7-tel wpcf7-validates-as-required wpcf7-text wpcf7-validates-as-tel\" aria-required=\"true\" aria-invalid=\"false\" value=\"\" type=\"tel\" name=\"Numrodetlphone\" \/><\/span> <\/label>\n\t<\/p>\n\t<p><label> Ville\/R\u00e9gion<br \/>\n<span class=\"wpcf7-form-control-wrap\" data-name=\"VilleRgion\"><input size=\"40\" class=\"wpcf7-form-control wpcf7-text wpcf7-validates-as-required\" aria-required=\"true\" aria-invalid=\"false\" value=\"\" type=\"text\" name=\"VilleRgion\" \/><\/span> <\/label>\n\t<\/p>\n\t<p><label> Photo d'dentit\u00e9<br \/>\n<span class=\"wpcf7-form-control-wrap\" data-name=\"Photodidentit\"><input size=\"40\" class=\"wpcf7-form-control wpcf7-file\" accept=\".png,.jpeg\" aria-invalid=\"false\" type=\"file\" name=\"Photodidentit\" \/><\/span> <\/label>\n\t<\/p>\n\t<fieldset>\n\t\t<legend style=\" font-weight: bold; font-size: 25px;\">Informations acad\u00e9miques\n\t\t<\/legend>\n\t\t<p><label> Etablissement<br \/>\n<span class=\"wpcf7-form-control-wrap\" data-name=\"Etablissement\"><input size=\"40\" class=\"wpcf7-form-control wpcf7-text wpcf7-validates-as-required\" aria-required=\"true\" aria-invalid=\"false\" value=\"\" type=\"text\" name=\"Etablissement\" \/><\/span><\/label>\n\t\t<\/p>\n\t\t<p><label> Fili\u00e8re\/Sp\u00e9tialit\u00e9<br \/>\n<span class=\"wpcf7-form-control-wrap\" data-name=\"Filierespet\"><input size=\"40\" class=\"wpcf7-form-control wpcf7-text wpcf7-validates-as-required\" aria-required=\"true\" aria-invalid=\"false\" value=\"\" type=\"text\" name=\"Filierespet\" \/><\/span> <\/label>\n\t\t<\/p>\n\t\t<p><label> Niveau d'\u00e9tudes<br \/>\n<span class=\"wpcf7-form-control-wrap\" data-name=\"text-318\"><input size=\"40\" class=\"wpcf7-form-control wpcf7-text wpcf7-validates-as-required\" aria-required=\"true\" aria-invalid=\"false\" value=\"\" type=\"text\" name=\"text-318\" \/><\/span><\/label>\n\t\t<\/p>\n\t\t<fieldset>\n\t\t\t<legend style=\" font-weight: bold; font-size: 25px;\">Exp\u00e9rience MUN ou leadership\n\t\t\t<\/legend>\n\t\t\t<p><label> As-tu d\u00e9j\u00e0 particip\u00e9 \u00e0 un MUN?<br \/>\n<span class=\"wpcf7-form-control-wrap\" data-name=\"As-tudjparticiperunMUN\"><span class=\"wpcf7-form-control wpcf7-radio\"><span class=\"wpcf7-list-item first\"><label><input type=\"radio\" name=\"As-tudjparticiperunMUN\" value=\"oui\" checked=\"checked\" \/><span class=\"wpcf7-list-item-label\">oui<\/span><\/label><\/span><span class=\"wpcf7-list-item last\"><label><input type=\"radio\" name=\"As-tudjparticiperunMUN\" value=\"Nom\" \/><span class=\"wpcf7-list-item-label\">Nom<\/span><\/label><\/span><\/span><\/span> <\/label>\n\t\t\t<\/p>\n\t\t\t<p><label> Si oui, Combien de fois<br \/>\n<span class=\"wpcf7-form-control-wrap\" data-name=\"number-384\"><input class=\"wpcf7-form-control wpcf7-number wpcf7-validates-as-number\" aria-invalid=\"false\" value=\"\" type=\"number\" name=\"number-384\" \/><\/span> <\/label>\n\t\t\t<\/p>\n\t\t\t<p><label> Dans quel r\u00f4le ?<br \/>\n<span class=\"wpcf7-form-control-wrap\" data-name=\"role\"><select class=\"wpcf7-form-control wpcf7-select\" aria-invalid=\"false\" multiple=\"multiple\" name=\"role[]\"><option value=\"\">&#8212;Veuillez choisir une option&#8212;<\/option><option value=\"D\u00e9l\u00e9gu\u00e9\">D\u00e9l\u00e9gu\u00e9<\/option><option value=\"Chair\">Chair<\/option><option value=\"Autre\">Autre<\/option><\/select><\/span><br \/>\n<\/label>\n\t\t\t<\/p>\n\t\t\t<p><label> Si \"Autre\", veuillez pr\u00e9ciser :<br \/>\n<span class=\"wpcf7-form-control-wrap\" data-name=\"precision-role\"><input size=\"40\" class=\"wpcf7-form-control wpcf7-text\" aria-invalid=\"false\" value=\"\" type=\"text\" name=\"precision-role\" \/><\/span><br \/>\n<\/label>\n\t\t\t<\/p>\n\t\t\t<p><label> Raconte en quelques lignes ton exp\u00e9rience MUN ou d'autres exp\u00e9riences de d\u00e9bat\/plaidoyer<br \/>\n<span class=\"wpcf7-form-control-wrap\" data-name=\"textarea-701\"><textarea cols=\"40\" rows=\"10\" class=\"wpcf7-form-control wpcf7-textarea wpcf7-validates-as-required\" aria-required=\"true\" aria-invalid=\"false\" name=\"textarea-701\"><\/textarea><\/span><\/label>\n\t\t\t<\/p>\n\t\t\t<fieldset>\n\t\t\t\t<legend style=\" font-weight: bold; font-size: 25px;\">Pr\u00e9f\u00e9rence de comit\u00e9 & Pays\n\t\t\t\t<\/legend>\n\t\t\t\t<p><label> Choix du commit\u00e9 pr\u00e9f\u00e9r\u00e9<br \/>\n<span class=\"wpcf7-form-control-wrap\" data-name=\"text-453\"><input size=\"40\" class=\"wpcf7-form-control wpcf7-text wpcf7-validates-as-required\" aria-required=\"true\" aria-invalid=\"false\" value=\"\" type=\"text\" name=\"text-453\" \/><\/span> <\/label>\n\t\t\t\t<\/p>\n\t\t\t\t<p><label> Choix du pays \u00e0 repr\u00e9senter (top 3)<\/label>\n\t\t\t\t<\/p>\n\t\t\t\t<p><label> Pays 1:<span class=\"wpcf7-form-control-wrap\" data-name=\"text-454\"><input size=\"40\" class=\"wpcf7-form-control wpcf7-text wpcf7-validates-as-required\" aria-required=\"true\" aria-invalid=\"false\" value=\"\" type=\"text\" name=\"text-454\" \/><\/span> <\/label><br \/>\n<label> Pays 2<span class=\"wpcf7-form-control-wrap\" data-name=\"text-455\"><input size=\"40\" class=\"wpcf7-form-control wpcf7-text wpcf7-validates-as-required\" aria-required=\"true\" aria-invalid=\"false\" value=\"\" type=\"text\" name=\"text-455\" \/><\/span><\/label><br \/>\n<label> Pays 3 <span class=\"wpcf7-form-control-wrap\" data-name=\"text-456\"><input size=\"40\" class=\"wpcf7-form-control wpcf7-text wpcf7-validates-as-required\" aria-required=\"true\" aria-invalid=\"false\" value=\"\" type=\"text\" name=\"text-456\" \/><\/span> <\/label><br \/>\n<label> As-tu ouvert \u00e0 repr\u00e9senter un pays qui ne fait pas partie de tes choix?<br \/>\n<span class=\"wpcf7-form-control-wrap\" data-name=\"radio-707\"><span class=\"wpcf7-form-control wpcf7-radio\"><span class=\"wpcf7-list-item first\"><label><input type=\"radio\" name=\"radio-707\" value=\"Oui\" checked=\"checked\" \/><span class=\"wpcf7-list-item-label\">Oui<\/span><\/label><\/span><span class=\"wpcf7-list-item last\"><label><input type=\"radio\" name=\"radio-707\" value=\"Non\" \/><span class=\"wpcf7-list-item-label\">Non<\/span><\/label><\/span><\/span><\/span> <\/label>\n\t\t\t\t<\/p>\n\t\t\t\t<fieldset>\n\t\t\t\t\t<legend style=\" font-weight: bold; font-size: 25px;\">Motivation\n\t\t\t\t\t<\/legend>\n\t\t\t\t\t<p><label>Pourquoi veux-tu participer \u00e0 ce MUN (max200)?<br \/>\n<span class=\"wpcf7-form-control-wrap\" data-name=\"textarea-701\"><textarea cols=\"40\" rows=\"10\" class=\"wpcf7-form-control wpcf7-textarea wpcf7-validates-as-required\" aria-required=\"true\" aria-invalid=\"false\" name=\"textarea-701\"><\/textarea><\/span> <\/label>\n\t\t\t\t\t<\/p>\n\t\t\t\t\t<p><label>Quelle th\u00e9matique t'inspire le plus?<br \/>\n<span class=\"wpcf7-form-control-wrap\" data-name=\"radio-707\"><span class=\"wpcf7-form-control wpcf7-radio\"><span class=\"wpcf7-list-item first\"><label><input type=\"radio\" name=\"radio-707\" value=\"Cybers\u00e9curit\u00e9\" checked=\"checked\" \/><span class=\"wpcf7-list-item-label\">\u0627\u0644\u0623\u0645\u0646 \u0627\u0644\u0633\u064a\u0628\u0631\u0627\u0646\u064a<\/span><\/label><\/span><span class=\"wpcf7-list-item\"><label><input type=\"radio\" name=\"radio-707\" value=\"Intelligence Artificielle\" \/><span class=\"wpcf7-list-item-label\">Intelligence Artificielle<\/span><\/label><\/span><span class=\"wpcf7-list-item last\"><label><input type=\"radio\" name=\"radio-707\" value=\"Citoyennet\u00e9 Num\u00e9rique\" \/><span class=\"wpcf7-list-item-label\">Citoyennet\u00e9 Num\u00e9rique<\/span><\/label><\/span><\/span><\/span> <\/label>\n\t\t\t\t\t<\/p>\n\t\t\t\t\t<p><label>Partage un exemple d'un sujet qui te passionne le plus<br \/>\n<span class=\"wpcf7-form-control-wrap\" data-name=\"text-453\"><input size=\"40\" class=\"wpcf7-form-control wpcf7-text\" aria-invalid=\"false\" value=\"\" type=\"text\" name=\"text-453\" \/><\/span> <\/label>\n\t\t\t\t\t<\/p>\n\t\t\t\t\t<fieldset>\n\t\t\t\t\t\t<legend style=\"font-weight: bold; font-size: 25px;\">Comp\u00e9tences linguistiques\n\t\t\t\t\t\t<\/legend>\n\t\t\t\t\t\t<p><strong>Fran\u00e7ais :<\/strong>\n\t\t\t\t\t\t<\/p>\n\t\t\t\t\t\t<p><span class=\"wpcf7-form-control-wrap\" data-name=\"niveau-fr\"><span class=\"wpcf7-form-control wpcf7-radio\"><span class=\"wpcf7-list-item first\"><label><input type=\"radio\" name=\"niveau-fr\" value=\"D\u00e9butant\" \/><span class=\"wpcf7-list-item-label\">D\u00e9butant<\/span><\/label><\/span><span class=\"wpcf7-list-item\"><label><input type=\"radio\" name=\"niveau-fr\" value=\"Interm\u00e9diaire\" \/><span class=\"wpcf7-list-item-label\">Interm\u00e9diaire<\/span><\/label><\/span><span class=\"wpcf7-list-item last\"><label><input type=\"radio\" name=\"niveau-fr\" value=\"Avanc\u00e9\" \/><span class=\"wpcf7-list-item-label\">Avanc\u00e9<\/span><\/label><\/span><\/span><\/span>\n\t\t\t\t\t\t<\/p>\n\t\t\t\t\t\t<p><strong>Anglais :<\/strong>\n\t\t\t\t\t\t<\/p>\n\t\t\t\t\t\t<p><span class=\"wpcf7-form-control-wrap\" data-name=\"niveau-en\"><span class=\"wpcf7-form-control wpcf7-radio\"><span class=\"wpcf7-list-item first\"><label><input type=\"radio\" name=\"niveau-en\" value=\"D\u00e9butant\" \/><span class=\"wpcf7-list-item-label\">D\u00e9butant<\/span><\/label><\/span><span class=\"wpcf7-list-item\"><label><input type=\"radio\" name=\"niveau-en\" value=\"Interm\u00e9diaire\" \/><span class=\"wpcf7-list-item-label\">Interm\u00e9diaire<\/span><\/label><\/span><span class=\"wpcf7-list-item last\"><label><input type=\"radio\" name=\"niveau-en\" value=\"Avanc\u00e9\" \/><span class=\"wpcf7-list-item-label\">Avanc\u00e9<\/span><\/label><\/span><\/span><\/span>\n\t\t\t\t\t\t<\/p>\n\t\t\t\t\t\t<p><strong>Arabe :<\/strong>\n\t\t\t\t\t\t<\/p>\n\t\t\t\t\t\t<p><span class=\"wpcf7-form-control-wrap\" data-name=\"niveau-ar\"><span class=\"wpcf7-form-control wpcf7-radio\"><span class=\"wpcf7-list-item first\"><label><input type=\"radio\" name=\"niveau-ar\" value=\"D\u00e9butant\" \/><span class=\"wpcf7-list-item-label\">D\u00e9butant<\/span><\/label><\/span><span class=\"wpcf7-list-item\"><label><input type=\"radio\" name=\"niveau-ar\" value=\"Interm\u00e9diaire\" \/><span class=\"wpcf7-list-item-label\">Interm\u00e9diaire<\/span><\/label><\/span><span class=\"wpcf7-list-item last\"><label><input type=\"radio\" name=\"niveau-ar\" value=\"Avanc\u00e9\" \/><span class=\"wpcf7-list-item-label\">Avanc\u00e9<\/span><\/label><\/span><\/span><\/span>\n\t\t\t\t\t\t<\/p>\n\t\t\t\t\t<\/fieldset>\n\t\t\t\t\t<fieldset>\n\t\t\t\t\t\t<legend style=\" font-weight: bold; font-size: 25px;\">Confirmation & engagement\n\t\t\t\t\t\t<\/legend>\n\t\t\t\t\t\t<p><span class=\"wpcf7-form-control-wrap\" data-name=\"acceptance-344\"><span class=\"wpcf7-form-control wpcf7-acceptance optional\"><span class=\"wpcf7-list-item\"><label><input type=\"checkbox\" name=\"acceptance-344\" value=\"1\" aria-invalid=\"false\" \/><span class=\"wpcf7-list-item-label\">Je m'engage \u00e0 \u00eatre pr\u00e9sent sur les 4 jours du MUN (2-5 avril) et \u00e0 pr\u00e9parer mes recherches avant l'\u00e9v\u00e9nement<\/span><\/label><\/span><\/span><\/span>\n\t\t\t\t\t\t<\/p>\n\t\t\t\t\t\t<p><input class=\"wpcf7-form-control wpcf7-submit has-spinner\" type=\"submit\" value=\"Envoyer\" \/>\n\t\t\t\t\t\t<\/p>\n\t\t\t\t\t<\/fieldset>\n\t\t\t\t<\/fieldset>\n\t\t\t<\/fieldset>\n\t\t<\/fieldset>\n\t<\/fieldset>\n<\/fieldset><p style=\"display: none !important;\"><label>&#916;<textarea name=\"_wpcf7_ak_hp_textarea\" cols=\"45\" rows=\"8\" maxlength=\"100\"><\/textarea><\/label><input type=\"hidden\" id=\"ak_js_1\" name=\"_wpcf7_ak_js\" value=\"34\"\/><script>document.getElementById( \"ak_js_1\" ).setAttribute( \"value\", ( new Date() ).getTime() );<\/script><\/p><div class=\"wpcf7-response-output\" aria-hidden=\"true\"><\/div>\n<input type=\"hidden\" name=\"trp-form-language\" value=\"ar\"\/><\/form>\n<\/div>\n<\/div>\n\t\t\t\t<\/div>\n\t\t\t\t<\/div>\n\t\t\t\t<\/div>\n\t\t<div class=\"elementor-element elementor-element-a5d806b e-con-full e-flex wpr-particle-no wpr-jarallax-no wpr-parallax-no wpr-sticky-section-no e-con e-child\" data-id=\"a5d806b\" data-element_type=\"container\" data-settings=\"{&quot;content_width&quot;:&quot;full&quot;,&quot;container_type&quot;:&quot;flex&quot;}\">\n\t\t\t\t<div class=\"elementor-element elementor-element-b9bbbd6 elementor-widget elementor-widget-google_maps\" data-id=\"b9bbbd6\" data-element_type=\"widget\" data-widget_type=\"google_maps.default\">\n\t\t\t\t<div class=\"elementor-widget-container\">\n\t\t\t<style>\/*! elementor - v3.16.0 - 17-10-2023 *\/\n.elementor-widget-google_maps .elementor-widget-container{overflow:hidden}.elementor-widget-google_maps .elementor-custom-embed{line-height:0}.elementor-widget-google_maps iframe{height:300px}<\/style>\t\t<div class=\"elementor-custom-embed\">\n\t\t\t<iframe loading=\"lazy\"\n\t\t\t\t\tsrc=\"https:\/\/maps.google.com\/maps?q=Centre%20Marocain%20de%20Recherches%20Polytechniques%20et%20d%E2%80%99Innovation-%20CMRPI&#038;t=m&#038;z=20&#038;output=embed&#038;iwloc=near\"\n\t\t\t\t\ttitle=\"Centre Marocain de Recherches Polytechniques et d\u2019Innovation- CMRPI\"\n\t\t\t\t\taria-label=\"Centre Marocain de Recherches Polytechniques et d\u2019Innovation- CMRPI\"\n\t\t\t><\/iframe>\n\t\t<\/div>\n\t\t\t\t<\/div>\n\t\t\t\t<\/div>\n\t\t\t\t<\/div>\n\t\t\t\t<\/div>\n\t\t\t\t\t\t\t<\/div>","protected":false},"excerpt":{"rendered":"<p>Formulaire d&#8217;inscription<\/p>","protected":false},"author":1,"featured_media":0,"parent":0,"menu_order":0,"comment_status":"closed","ping_status":"closed","template":"","meta":{"_eb_attr":"","footnotes":""},"class_list":["post-5944","page","type-page","status-publish","hentry","entry"],"yoast_head":"<!-- This site is optimized with the Yoast SEO plugin v24.1 - https:\/\/yoast.com\/wordpress\/plugins\/seo\/ -->\n<title>Formulaire Inscription MUN - Cyberconfiance<\/title>\n<meta name=\"robots\" content=\"index, follow, max-snippet:-1, max-image-preview:large, max-video-preview:-1\" \/>\n<link rel=\"canonical\" href=\"https:\/\/www.cyberconfiance.ma\/ar\/formulaire-inscription-mun\/\" \/>\n<meta property=\"og:locale\" content=\"ar_AR\" \/>\n<meta property=\"og:type\" content=\"article\" \/>\n<meta property=\"og:title\" content=\"Formulaire Inscription MUN - Cyberconfiance\" \/>\n<meta property=\"og:description\" content=\"Formulaire d&#8217;inscription\" \/>\n<meta property=\"og:url\" content=\"https:\/\/www.cyberconfiance.ma\/ar\/formulaire-inscription-mun\/\" \/>\n<meta property=\"og:site_name\" content=\"Cyberconfiance\" \/>\n<meta property=\"article:publisher\" content=\"https:\/\/www.google.com\/url?sa=i&amp;url=httpswww.facebook.comcyberconfiance&amp;psig=AOvVaw3KctkwLod8HoiqC5FTBO-G&amp;ust=1735992076420000&amp;source=images&amp;cd=vfe&amp;opi=89978449&amp;ved=0CAYQrpoMahcKEwig3vXJwNmKAxUAAAAAHQAAAAAQBA\" \/>\n<meta property=\"article:modified_time\" content=\"2025-11-16T10:15:36+00:00\" \/>\n<meta name=\"twitter:card\" content=\"summary_large_image\" \/>\n<meta name=\"twitter:label1\" content=\"\u0648\u0642\u062a \u0627\u0644\u0642\u0631\u0627\u0621\u0629 \u0627\u0644\u0645\u064f\u0642\u062f\u0651\u0631\" \/>\n\t<meta name=\"twitter:data1\" content=\"\u062f\u0642\u064a\u0642\u0629 \u0648\u0627\u062d\u062f\u0629\" \/>\n<script type=\"application\/ld+json\" class=\"yoast-schema-graph\">{\"@context\":\"https:\/\/schema.org\",\"@graph\":[{\"@type\":\"WebPage\",\"@id\":\"https:\/\/www.cyberconfiance.ma\/formulaire-inscription-mun\/\",\"url\":\"https:\/\/www.cyberconfiance.ma\/formulaire-inscription-mun\/\",\"name\":\"Formulaire Inscription MUN - Cyberconfiance\",\"isPartOf\":{\"@id\":\"https:\/\/www.cyberconfiance.ma\/#website\"},\"datePublished\":\"2025-11-15T07:05:51+00:00\",\"dateModified\":\"2025-11-16T10:15:36+00:00\",\"breadcrumb\":{\"@id\":\"https:\/\/www.cyberconfiance.ma\/formulaire-inscription-mun\/#breadcrumb\"},\"inLanguage\":\"ar\",\"potentialAction\":[{\"@type\":\"ReadAction\",\"target\":[\"https:\/\/www.cyberconfiance.ma\/formulaire-inscription-mun\/\"]}]},{\"@type\":\"BreadcrumbList\",\"@id\":\"https:\/\/www.cyberconfiance.ma\/formulaire-inscription-mun\/#breadcrumb\",\"itemListElement\":[{\"@type\":\"ListItem\",\"position\":1,\"name\":\"Accueil\",\"item\":\"https:\/\/www.cyberconfiance.ma\/\"},{\"@type\":\"ListItem\",\"position\":2,\"name\":\"Formulaire Inscription MUN\"}]},{\"@type\":\"WebSite\",\"@id\":\"https:\/\/www.cyberconfiance.ma\/#website\",\"url\":\"https:\/\/www.cyberconfiance.ma\/\",\"name\":\"Cyber-Confiance\",\"description\":\"Protection en ligne\",\"potentialAction\":[{\"@type\":\"SearchAction\",\"target\":{\"@type\":\"EntryPoint\",\"urlTemplate\":\"https:\/\/www.cyberconfiance.ma\/?s={search_term_string}\"},\"query-input\":{\"@type\":\"PropertyValueSpecification\",\"valueRequired\":true,\"valueName\":\"search_term_string\"}}],\"inLanguage\":\"ar\"}]}<\/script>\n<!-- \/ Yoast SEO plugin. -->","yoast_head_json":{"title":"Formulaire Inscription MUN - Cyberconfiance","robots":{"index":"index","follow":"follow","max-snippet":"max-snippet:-1","max-image-preview":"max-image-preview:large","max-video-preview":"max-video-preview:-1"},"canonical":"https:\/\/www.cyberconfiance.ma\/ar\/formulaire-inscription-mun\/","og_locale":"ar_AR","og_type":"article","og_title":"Formulaire Inscription MUN - Cyberconfiance","og_description":"Formulaire d&#8217;inscription","og_url":"https:\/\/www.cyberconfiance.ma\/ar\/formulaire-inscription-mun\/","og_site_name":"Cyberconfiance","article_publisher":"https:\/\/www.google.com\/url?sa=i&url=httpswww.facebook.comcyberconfiance&psig=AOvVaw3KctkwLod8HoiqC5FTBO-G&ust=1735992076420000&source=images&cd=vfe&opi=89978449&ved=0CAYQrpoMahcKEwig3vXJwNmKAxUAAAAAHQAAAAAQBA","article_modified_time":"2025-11-16T10:15:36+00:00","twitter_card":"summary_large_image","twitter_misc":{"\u0648\u0642\u062a \u0627\u0644\u0642\u0631\u0627\u0621\u0629 \u0627\u0644\u0645\u064f\u0642\u062f\u0651\u0631":"\u062f\u0642\u064a\u0642\u0629 \u0648\u0627\u062d\u062f\u0629"},"schema":{"@context":"https:\/\/schema.org","@graph":[{"@type":"WebPage","@id":"https:\/\/www.cyberconfiance.ma\/formulaire-inscription-mun\/","url":"https:\/\/www.cyberconfiance.ma\/formulaire-inscription-mun\/","name":"Formulaire Inscription MUN - Cyberconfiance","isPartOf":{"@id":"https:\/\/www.cyberconfiance.ma\/#website"},"datePublished":"2025-11-15T07:05:51+00:00","dateModified":"2025-11-16T10:15:36+00:00","breadcrumb":{"@id":"https:\/\/www.cyberconfiance.ma\/formulaire-inscription-mun\/#breadcrumb"},"inLanguage":"ar","potentialAction":[{"@type":"ReadAction","target":["https:\/\/www.cyberconfiance.ma\/formulaire-inscription-mun\/"]}]},{"@type":"BreadcrumbList","@id":"https:\/\/www.cyberconfiance.ma\/formulaire-inscription-mun\/#breadcrumb","itemListElement":[{"@type":"ListItem","position":1,"name":"Accueil","item":"https:\/\/www.cyberconfiance.ma\/"},{"@type":"ListItem","position":2,"name":"Formulaire Inscription MUN"}]},{"@type":"WebSite","@id":"https:\/\/www.cyberconfiance.ma\/#website","url":"https:\/\/www.cyberconfiance.ma\/","name":"Cyber-Confiance","description":"Protection en ligne","potentialAction":[{"@type":"SearchAction","target":{"@type":"EntryPoint","urlTemplate":"https:\/\/www.cyberconfiance.ma\/?s={search_term_string}"},"query-input":{"@type":"PropertyValueSpecification","valueRequired":true,"valueName":"search_term_string"}}],"inLanguage":"ar"}]}},"_links":{"self":[{"href":"https:\/\/www.cyberconfiance.ma\/ar\/wp-json\/wp\/v2\/pages\/5944","targetHints":{"allow":["GET"]}}],"collection":[{"href":"https:\/\/www.cyberconfiance.ma\/ar\/wp-json\/wp\/v2\/pages"}],"about":[{"href":"https:\/\/www.cyberconfiance.ma\/ar\/wp-json\/wp\/v2\/types\/page"}],"author":[{"embeddable":true,"href":"https:\/\/www.cyberconfiance.ma\/ar\/wp-json\/wp\/v2\/users\/1"}],"replies":[{"embeddable":true,"href":"https:\/\/www.cyberconfiance.ma\/ar\/wp-json\/wp\/v2\/comments?post=5944"}],"version-history":[{"count":16,"href":"https:\/\/www.cyberconfiance.ma\/ar\/wp-json\/wp\/v2\/pages\/5944\/revisions"}],"predecessor-version":[{"id":6022,"href":"https:\/\/www.cyberconfiance.ma\/ar\/wp-json\/wp\/v2\/pages\/5944\/revisions\/6022"}],"wp:attachment":[{"href":"https:\/\/www.cyberconfiance.ma\/ar\/wp-json\/wp\/v2\/media?parent=5944"}],"curies":[{"name":"wp","href":"https:\/\/api.w.org\/{rel}","templated":true}]}}