{"id":6076,"date":"2025-12-02T21:44:08","date_gmt":"2025-12-02T20:44:08","guid":{"rendered":"https:\/\/www.cyberconfiance.ma\/?page_id=6076"},"modified":"2025-12-02T21:44:09","modified_gmt":"2025-12-02T20:44:09","slug":"campagne-nationale-2025","status":"publish","type":"page","link":"https:\/\/www.cyberconfiance.ma\/ar\/campagne-nationale-2025\/","title":{"rendered":"Campagne nationale 2025"},"content":{"rendered":"<style>\/*! elementor - v3.16.0 - 17-10-2023 *\/<br \/>\n.elementor-heading-title{padding:0;margin:0;line-height:1}.elementor-widget-heading .elementor-heading-title[class*=elementor-size-]>a{color:inherit;font-size:inherit;line-height:inherit}.elementor-widget-heading .elementor-heading-title.elementor-size-small{font-size:15px}.elementor-widget-heading .elementor-heading-title.elementor-size-medium{font-size:19px}.elementor-widget-heading .elementor-heading-title.elementor-size-large{font-size:29px}.elementor-widget-heading .elementor-heading-title.elementor-size-xl{font-size:39px}.elementor-widget-heading .elementor-heading-title.elementor-size-xxl{font-size:59px}<\/style>\n<h2>CONF\u00c9RENCE DE LANCEMENT DE LA 5\u00c8ME \u00c9DITION DE LA CAMPAGNE NATIONALE DE PR\u00c9VENTION CONTRE LA CYBERVIOLENCE ET LE CYBERHARC\u00c8LEMENT<\/h2>\n<p>Le Centre Marocain de Recherches Polytechniques et d\u2019Innovation (CMRPI), en partenariat avec le Minist\u00e8re de la Justice et le Conseil de l\u2019Europe, et avec le soutien de l\u2019Ambassade de Suisse au Maroc, annonce le lancement officiel de la 5\u1d49 \u00e9dition de la Campagne nationale de pr\u00e9vention contre la cyberviolence et le cyberharc\u00e8lement, du 04 au 30 d\u00e9cembre 2025.<\/p>\n<p>Cette campagne, plac\u00e9e sous le th\u00e8me <strong>\u00ab Vers un espace num\u00e9rique inclusif et plus propice au bien-\u00eatre pour toutes et tous \u00bb<\/strong>, et qui co\u00efncide avec la campagne internationale des16 jours d&#8217;activisme pour mettre fin \u00e0 la violence contre les femmes et les filles,\u00a0 met l\u2019accent sur la sensibilisation aux cyberviolence bas\u00e9e sur le genre, le renforcement des capacit\u00e9s des familles, des \u00e9ducateurs et des professionnels, ainsi que la promotion d\u2019un espace num\u00e9rique responsable, protecteur et inclusif pour tous.<\/p>\n<p>La conf\u00e9rence \u00a0national de lancement, qui aura lieu jeudi 04 d\u00e9cembre 2025 Rabat (\u00e0 H\u00f4tel Dawliz), r\u00e9unira des repr\u00e9sentants des institutions publiques, des organisations de la soci\u00e9t\u00e9 civile, des organisations nationales et internationales, des experts, des jeunes, des femmes et des acteurs du num\u00e9rique afin de pr\u00e9senter le programme de la campagne, ses messages cl\u00e9s et les actions pr\u00e9vues pour contribuer \u00e0 la protection des enfants, des jeunes et des femmes contre les cyberviolences \u00e0 l\u2019\u00e8re de l\u2019Intelligence artificielle et promouvoir la culture de sant\u00e9 mentale et de bien .<\/p>\n<style>\/*! elementor - v3.16.0 - 17-10-2023 *\/<br \/>\n.elementor-widget-image-carousel .swiper,.elementor-widget-image-carousel .swiper-container{position:static}.elementor-widget-image-carousel .swiper-container .swiper-slide figure,.elementor-widget-image-carousel .swiper .swiper-slide figure{line-height:inherit}.elementor-widget-image-carousel .swiper-slide{text-align:center}.elementor-image-carousel-wrapper:not(.swiper-container-initialized):not(.swiper-initialized) .swiper-slide{max-width:calc(100% \/ var(--e-image-carousel-slides-to-show, 3))}<\/style>\n<p><img loading=\"lazy\" decoding=\"async\" class=\"alignnone size-medium wp-image-6080\" src=\"https:\/\/www.cyberconfiance.ma\/wp-content\/uploads\/2025\/12\/Campagne-Nationale-2025-Affiche-300x169.jpg\" alt=\"\" width=\"300\" height=\"169\" srcset=\"https:\/\/www.cyberconfiance.ma\/wp-content\/uploads\/2025\/12\/Campagne-Nationale-2025-Affiche-300x169.jpg 300w, https:\/\/www.cyberconfiance.ma\/wp-content\/uploads\/2025\/12\/Campagne-Nationale-2025-Affiche-1024x576.jpg 1024w, https:\/\/www.cyberconfiance.ma\/wp-content\/uploads\/2025\/12\/Campagne-Nationale-2025-Affiche-768x432.jpg 768w, https:\/\/www.cyberconfiance.ma\/wp-content\/uploads\/2025\/12\/Campagne-Nationale-2025-Affiche-1536x864.jpg 1536w, https:\/\/www.cyberconfiance.ma\/wp-content\/uploads\/2025\/12\/Campagne-Nationale-2025-Affiche-2048x1152.jpg 2048w, https:\/\/www.cyberconfiance.ma\/wp-content\/uploads\/2025\/12\/Campagne-Nationale-2025-Affiche-18x10.jpg 18w, https:\/\/www.cyberconfiance.ma\/wp-content\/uploads\/2025\/12\/Campagne-Nationale-2025-Affiche-800x450.jpg 800w\" sizes=\"auto, (max-width: 300px) 100vw, 300px\" \/><\/p>\n<figure><\/figure>\n<figure><\/figure>\n<figure><\/figure>\n<h5><\/h5>","protected":false},"excerpt":{"rendered":"<p>CONF\u00c9RENCE DE LANCEMENT DE LA 5\u00c8ME \u00c9DITION DE LA CAMPAGNE NATIONALE DE PR\u00c9VENTION CONTRE LA CYBERVIOLENCE ET LE CYBERHARC\u00c8LEMENT Le Centre Marocain de Recherches Polytechniques et d\u2019Innovation (CMRPI), en partenariat avec le Minist\u00e8re de la Justice et le Conseil de l\u2019Europe, et avec le soutien de l\u2019Ambassade de Suisse au Maroc, annonce le lancement officiel [&hellip;]<\/p>","protected":false},"author":1,"featured_media":0,"parent":0,"menu_order":0,"comment_status":"closed","ping_status":"closed","template":"","meta":{"_eb_attr":"","footnotes":""},"class_list":["post-6076","page","type-page","status-publish","hentry","entry"],"yoast_head":"<!-- This site is optimized with the Yoast SEO plugin v24.1 - https:\/\/yoast.com\/wordpress\/plugins\/seo\/ -->\n<title>Campagne nationale 2025 - Cyberconfiance<\/title>\n<meta name=\"robots\" content=\"index, follow, max-snippet:-1, max-image-preview:large, max-video-preview:-1\" \/>\n<link rel=\"canonical\" href=\"https:\/\/www.cyberconfiance.ma\/ar\/campagne-nationale-2025\/\" \/>\n<meta property=\"og:locale\" content=\"ar_AR\" \/>\n<meta property=\"og:type\" content=\"article\" \/>\n<meta property=\"og:title\" content=\"Campagne nationale 2025 - Cyberconfiance\" \/>\n<meta property=\"og:description\" content=\"CONF\u00c9RENCE DE LANCEMENT DE LA 5\u00c8ME \u00c9DITION DE LA CAMPAGNE NATIONALE DE PR\u00c9VENTION CONTRE LA CYBERVIOLENCE ET LE CYBERHARC\u00c8LEMENT Le Centre Marocain de Recherches Polytechniques et d\u2019Innovation (CMRPI), en partenariat avec le Minist\u00e8re de la Justice et le Conseil de l\u2019Europe, et avec le soutien de l\u2019Ambassade de Suisse au Maroc, annonce le lancement officiel [&hellip;]\" \/>\n<meta property=\"og:url\" content=\"https:\/\/www.cyberconfiance.ma\/ar\/campagne-nationale-2025\/\" \/>\n<meta property=\"og:site_name\" content=\"Cyberconfiance\" \/>\n<meta property=\"article:publisher\" content=\"https:\/\/www.google.com\/url?sa=i&amp;url=httpswww.facebook.comcyberconfiance&amp;psig=AOvVaw3KctkwLod8HoiqC5FTBO-G&amp;ust=1735992076420000&amp;source=images&amp;cd=vfe&amp;opi=89978449&amp;ved=0CAYQrpoMahcKEwig3vXJwNmKAxUAAAAAHQAAAAAQBA\" \/>\n<meta property=\"article:modified_time\" content=\"2025-12-02T20:44:09+00:00\" \/>\n<meta property=\"og:image\" content=\"https:\/\/www.cyberconfiance.ma\/wp-content\/uploads\/2025\/12\/Campagne-Nationale-2025-Affiche-scaled.jpg\" \/>\n\t<meta property=\"og:image:width\" content=\"2560\" \/>\n\t<meta property=\"og:image:height\" content=\"1440\" \/>\n\t<meta property=\"og:image:type\" content=\"image\/jpeg\" \/>\n<meta name=\"twitter:card\" content=\"summary_large_image\" \/>\n<meta name=\"twitter:label1\" content=\"\u0648\u0642\u062a \u0627\u0644\u0642\u0631\u0627\u0621\u0629 \u0627\u0644\u0645\u064f\u0642\u062f\u0651\u0631\" \/>\n\t<meta name=\"twitter:data1\" content=\"\u062f\u0642\u064a\u0642\u062a\u0627\u0646\" \/>\n<script type=\"application\/ld+json\" class=\"yoast-schema-graph\">{\"@context\":\"https:\/\/schema.org\",\"@graph\":[{\"@type\":\"WebPage\",\"@id\":\"https:\/\/www.cyberconfiance.ma\/campagne-nationale-2025\/\",\"url\":\"https:\/\/www.cyberconfiance.ma\/campagne-nationale-2025\/\",\"name\":\"Campagne nationale 2025 - Cyberconfiance\",\"isPartOf\":{\"@id\":\"https:\/\/www.cyberconfiance.ma\/#website\"},\"primaryImageOfPage\":{\"@id\":\"https:\/\/www.cyberconfiance.ma\/campagne-nationale-2025\/#primaryimage\"},\"image\":{\"@id\":\"https:\/\/www.cyberconfiance.ma\/campagne-nationale-2025\/#primaryimage\"},\"thumbnailUrl\":\"https:\/\/www.cyberconfiance.ma\/wp-content\/uploads\/2025\/12\/Campagne-Nationale-2025-Affiche-300x169.jpg\",\"datePublished\":\"2025-12-02T20:44:08+00:00\",\"dateModified\":\"2025-12-02T20:44:09+00:00\",\"breadcrumb\":{\"@id\":\"https:\/\/www.cyberconfiance.ma\/campagne-nationale-2025\/#breadcrumb\"},\"inLanguage\":\"ar\",\"potentialAction\":[{\"@type\":\"ReadAction\",\"target\":[\"https:\/\/www.cyberconfiance.ma\/campagne-nationale-2025\/\"]}]},{\"@type\":\"ImageObject\",\"inLanguage\":\"ar\",\"@id\":\"https:\/\/www.cyberconfiance.ma\/campagne-nationale-2025\/#primaryimage\",\"url\":\"https:\/\/www.cyberconfiance.ma\/wp-content\/uploads\/2025\/12\/Campagne-Nationale-2025-Affiche-300x169.jpg\",\"contentUrl\":\"https:\/\/www.cyberconfiance.ma\/wp-content\/uploads\/2025\/12\/Campagne-Nationale-2025-Affiche-300x169.jpg\"},{\"@type\":\"BreadcrumbList\",\"@id\":\"https:\/\/www.cyberconfiance.ma\/campagne-nationale-2025\/#breadcrumb\",\"itemListElement\":[{\"@type\":\"ListItem\",\"position\":1,\"name\":\"Accueil\",\"item\":\"https:\/\/www.cyberconfiance.ma\/\"},{\"@type\":\"ListItem\",\"position\":2,\"name\":\"Campagne nationale 2025\"}]},{\"@type\":\"WebSite\",\"@id\":\"https:\/\/www.cyberconfiance.ma\/#website\",\"url\":\"https:\/\/www.cyberconfiance.ma\/\",\"name\":\"Cyber-Confiance\",\"description\":\"Protection en ligne\",\"potentialAction\":[{\"@type\":\"SearchAction\",\"target\":{\"@type\":\"EntryPoint\",\"urlTemplate\":\"https:\/\/www.cyberconfiance.ma\/?s={search_term_string}\"},\"query-input\":{\"@type\":\"PropertyValueSpecification\",\"valueRequired\":true,\"valueName\":\"search_term_string\"}}],\"inLanguage\":\"ar\"}]}<\/script>\n<!-- \/ Yoast SEO plugin. -->","yoast_head_json":{"title":"Campagne nationale 2025 - Cyberconfiance","robots":{"index":"index","follow":"follow","max-snippet":"max-snippet:-1","max-image-preview":"max-image-preview:large","max-video-preview":"max-video-preview:-1"},"canonical":"https:\/\/www.cyberconfiance.ma\/ar\/campagne-nationale-2025\/","og_locale":"ar_AR","og_type":"article","og_title":"Campagne nationale 2025 - Cyberconfiance","og_description":"CONF\u00c9RENCE DE LANCEMENT DE LA 5\u00c8ME \u00c9DITION DE LA CAMPAGNE NATIONALE DE PR\u00c9VENTION CONTRE LA CYBERVIOLENCE ET LE CYBERHARC\u00c8LEMENT Le Centre Marocain de Recherches Polytechniques et d\u2019Innovation (CMRPI), en partenariat avec le Minist\u00e8re de la Justice et le Conseil de l\u2019Europe, et avec le soutien de l\u2019Ambassade de Suisse au Maroc, annonce le lancement officiel [&hellip;]","og_url":"https:\/\/www.cyberconfiance.ma\/ar\/campagne-nationale-2025\/","og_site_name":"Cyberconfiance","article_publisher":"https:\/\/www.google.com\/url?sa=i&url=httpswww.facebook.comcyberconfiance&psig=AOvVaw3KctkwLod8HoiqC5FTBO-G&ust=1735992076420000&source=images&cd=vfe&opi=89978449&ved=0CAYQrpoMahcKEwig3vXJwNmKAxUAAAAAHQAAAAAQBA","article_modified_time":"2025-12-02T20:44:09+00:00","og_image":[{"width":2560,"height":1440,"url":"https:\/\/www.cyberconfiance.ma\/wp-content\/uploads\/2025\/12\/Campagne-Nationale-2025-Affiche-scaled.jpg","type":"image\/jpeg"}],"twitter_card":"summary_large_image","twitter_misc":{"\u0648\u0642\u062a \u0627\u0644\u0642\u0631\u0627\u0621\u0629 \u0627\u0644\u0645\u064f\u0642\u062f\u0651\u0631":"\u062f\u0642\u064a\u0642\u062a\u0627\u0646"},"schema":{"@context":"https:\/\/schema.org","@graph":[{"@type":"WebPage","@id":"https:\/\/www.cyberconfiance.ma\/campagne-nationale-2025\/","url":"https:\/\/www.cyberconfiance.ma\/campagne-nationale-2025\/","name":"Campagne nationale 2025 - Cyberconfiance","isPartOf":{"@id":"https:\/\/www.cyberconfiance.ma\/#website"},"primaryImageOfPage":{"@id":"https:\/\/www.cyberconfiance.ma\/campagne-nationale-2025\/#primaryimage"},"image":{"@id":"https:\/\/www.cyberconfiance.ma\/campagne-nationale-2025\/#primaryimage"},"thumbnailUrl":"https:\/\/www.cyberconfiance.ma\/wp-content\/uploads\/2025\/12\/Campagne-Nationale-2025-Affiche-300x169.jpg","datePublished":"2025-12-02T20:44:08+00:00","dateModified":"2025-12-02T20:44:09+00:00","breadcrumb":{"@id":"https:\/\/www.cyberconfiance.ma\/campagne-nationale-2025\/#breadcrumb"},"inLanguage":"ar","potentialAction":[{"@type":"ReadAction","target":["https:\/\/www.cyberconfiance.ma\/campagne-nationale-2025\/"]}]},{"@type":"ImageObject","inLanguage":"ar","@id":"https:\/\/www.cyberconfiance.ma\/campagne-nationale-2025\/#primaryimage","url":"https:\/\/www.cyberconfiance.ma\/wp-content\/uploads\/2025\/12\/Campagne-Nationale-2025-Affiche-300x169.jpg","contentUrl":"https:\/\/www.cyberconfiance.ma\/wp-content\/uploads\/2025\/12\/Campagne-Nationale-2025-Affiche-300x169.jpg"},{"@type":"BreadcrumbList","@id":"https:\/\/www.cyberconfiance.ma\/campagne-nationale-2025\/#breadcrumb","itemListElement":[{"@type":"ListItem","position":1,"name":"Accueil","item":"https:\/\/www.cyberconfiance.ma\/"},{"@type":"ListItem","position":2,"name":"Campagne nationale 2025"}]},{"@type":"WebSite","@id":"https:\/\/www.cyberconfiance.ma\/#website","url":"https:\/\/www.cyberconfiance.ma\/","name":"Cyber-Confiance","description":"Protection en ligne","potentialAction":[{"@type":"SearchAction","target":{"@type":"EntryPoint","urlTemplate":"https:\/\/www.cyberconfiance.ma\/?s={search_term_string}"},"query-input":{"@type":"PropertyValueSpecification","valueRequired":true,"valueName":"search_term_string"}}],"inLanguage":"ar"}]}},"_links":{"self":[{"href":"https:\/\/www.cyberconfiance.ma\/ar\/wp-json\/wp\/v2\/pages\/6076","targetHints":{"allow":["GET"]}}],"collection":[{"href":"https:\/\/www.cyberconfiance.ma\/ar\/wp-json\/wp\/v2\/pages"}],"about":[{"href":"https:\/\/www.cyberconfiance.ma\/ar\/wp-json\/wp\/v2\/types\/page"}],"author":[{"embeddable":true,"href":"https:\/\/www.cyberconfiance.ma\/ar\/wp-json\/wp\/v2\/users\/1"}],"replies":[{"embeddable":true,"href":"https:\/\/www.cyberconfiance.ma\/ar\/wp-json\/wp\/v2\/comments?post=6076"}],"version-history":[{"count":3,"href":"https:\/\/www.cyberconfiance.ma\/ar\/wp-json\/wp\/v2\/pages\/6076\/revisions"}],"predecessor-version":[{"id":6082,"href":"https:\/\/www.cyberconfiance.ma\/ar\/wp-json\/wp\/v2\/pages\/6076\/revisions\/6082"}],"wp:attachment":[{"href":"https:\/\/www.cyberconfiance.ma\/ar\/wp-json\/wp\/v2\/media?parent=6076"}],"curies":[{"name":"wp","href":"https:\/\/api.w.org\/{rel}","templated":true}]}}